{"id":35823,"date":"2017-06-10T12:06:45","date_gmt":"2017-06-10T10:06:45","guid":{"rendered":"http:\/\/2017.acampa.eu\/creditos\/"},"modified":"2018-03-14T19:56:23","modified_gmt":"2018-03-14T18:56:23","slug":"credits","status":"publish","type":"page","link":"https:\/\/coruna2017.redeacampa.org\/en\/credits\/","title":{"rendered":"Credits 2107"},"content":{"rendered":"<p>[et_pb_section bb_built=&#8221;1&#8243; admin_label=&#8221;Secci\u00f3n&#8221; fullwidth=&#8221;off&#8221; specialty=&#8221;off&#8221; _builder_version=&#8221;3.0.51&#8243; background_color=&#8221;#CD1619&#8243; custom_padding=&#8221;30px||30px|&#8221;][et_pb_row admin_label=&#8221;Fila&#8221; background_position=&#8221;top_left&#8221; background_repeat=&#8221;repeat&#8221; background_size=&#8221;initial&#8221;][et_pb_column type=&#8221;4_4&#8243;][et_pb_text admin_label=&#8221;Texto&#8221; _builder_version=&#8221;3.0.51&#8243; background_layout=&#8221;dark&#8221; text_orientation=&#8221;left&#8221; border_style=&#8221;solid&#8221;]<\/p>\n<h1>ACAMPA 2017 CREDITS<\/h1>\n<p>Pola paz e o dereito ao refuxio<\/p>\n<p>[\/et_pb_text][\/et_pb_column][\/et_pb_row][\/et_pb_section][et_pb_section bb_built=&#8221;1&#8243; admin_label=&#8221;section&#8221; _builder_version=&#8221;3.0.51&#8243; module_class=&#8221;creditos&#8221; background_image=&#8221;\/wp-content\/uploads\/gravilla2.jpg&#8221; background_size=&#8221;initial&#8221; background_repeat=&#8221;repeat&#8221;][et_pb_row admin_label=&#8221;Fila&#8221; background_position=&#8221;top_left&#8221; background_repeat=&#8221;repeat&#8221; background_size=&#8221;initial&#8221;][et_pb_column type=&#8221;4_4&#8243;][et_pb_image admin_label=&#8221;Imagen&#8221; _builder_version=&#8221;3.0.51&#8243; src=&#8221;\/wp-content\/uploads\/Acampa.jpg&#8221; show_in_lightbox=&#8221;on&#8221; url_new_window=&#8221;off&#8221; use_overlay=&#8221;off&#8221; sticky=&#8221;off&#8221; align=&#8221;left&#8221; always_center_on_mobile=&#8221;on&#8221; border_style=&#8221;solid&#8221; force_fullwidth=&#8221;off&#8221; \/][\/et_pb_column][\/et_pb_row][et_pb_row admin_label=&#8221;row&#8221; background_position=&#8221;top_left&#8221; background_repeat=&#8221;repeat&#8221; background_size=&#8221;initial&#8221;][et_pb_column type=&#8221;1_4&#8243;][et_pb_text admin_label=&#8221;Coordinador&#8221; _builder_version=&#8221;3.0.51&#8243; background_layout=&#8221;light&#8221; text_orientation=&#8221;left&#8221; border_style=&#8221;solid&#8221;]<\/p>\n<h2>General Coordinator<\/h2>\n<ul>\n<li>Xos\u00e9 Abad<\/li>\n<\/ul>\n<p>[\/et_pb_text][et_pb_text admin_label=&#8221;Secretar\u00eda&#8221; _builder_version=&#8221;3.0.51&#8243; background_layout=&#8221;light&#8221; text_orientation=&#8221;left&#8221; border_style=&#8221;solid&#8221;]<\/p>\n<h2>Secretary<\/h2>\n<ul>\n<li>Carlos Reguera<\/li>\n<\/ul>\n<p>[\/et_pb_text][et_pb_text admin_label=&#8221;Econom\u00eda&#8221; _builder_version=&#8221;3.0.51&#8243; background_layout=&#8221;light&#8221; text_orientation=&#8221;left&#8221; border_style=&#8221;solid&#8221;]<\/p>\n<h2>Economy team<\/h2>\n<h3>Coordination<\/h3>\n<ul>\n<li>Bernardo Seoane<\/li>\n<li>Marta Gal\u00e1n<\/li>\n<li>Chuky Trillo<\/li>\n<\/ul>\n<p>[\/et_pb_text][et_pb_text admin_label=&#8221;Organizaci\u00f3ns sociais&#8221; _builder_version=&#8221;3.0.51&#8243; background_layout=&#8221;light&#8221; text_orientation=&#8221;left&#8221; border_style=&#8221;solid&#8221;]<\/p>\n<h2>Social organizations team<\/h2>\n<h3>Coordination<\/h3>\n<ul>\n<li>Nerea Urbaneja<\/li>\n<\/ul>\n<h3>Social organizations relations<\/h3>\n<ul>\n<li>Marta Garc\u00eda<\/li>\n<li>Nour Salih<\/li>\n<li>Pilar Silva<\/li>\n<li>Maca Silva<\/li>\n<li>Loreto Taibo<\/li>\n<\/ul>\n<p>[\/et_pb_text][et_pb_text admin_label=&#8221;Log\u00edstica&#8221; _builder_version=&#8221;3.0.51&#8243; background_layout=&#8221;light&#8221; text_orientation=&#8221;left&#8221; border_style=&#8221;solid&#8221;]<\/p>\n<h2>Logistics<\/h2>\n<h3>Coordination<\/h3>\n<ul>\n<li>Marta Garc\u00eda<\/li>\n<li>Leticia Santaballa<\/li>\n<\/ul>\n<h3>Logistics management<\/h3>\n<ul>\n<li>Ahmad Sagir<\/li>\n<\/ul>\n<p>[\/et_pb_text][et_pb_text admin_label=&#8221;Asesor\u00eda legal&#8221; _builder_version=&#8221;3.0.51&#8243; background_layout=&#8221;light&#8221; text_orientation=&#8221;left&#8221; border_style=&#8221;solid&#8221;]<\/p>\n<h2>Legal counseling<\/h2>\n<ul>\n<li>Enrique Otero<\/li>\n<\/ul>\n<p>[\/et_pb_text][et_pb_text admin_label=&#8221;Dese\u00f1o&#8221; _builder_version=&#8221;3.0.51&#8243; background_layout=&#8221;light&#8221; text_orientation=&#8221;left&#8221; border_style=&#8221;solid&#8221;]<\/p>\n<h2>Equipo de dise\u00f1o<\/h2>\n<h3>Coordinadora<\/h3>\n<ul>\n<li>Aitana Tub\u00edo<\/li>\n<\/ul>\n<h3>Dise\u00f1o Cat\u00e1logo<\/h3>\n<ul>\n<li>Luis Llor\u00e9ns<\/li>\n<\/ul>\n<h3>Ilustraciones<\/h3>\n<ul>\n<li>Carlos Gallego<\/li>\n<\/ul>\n<p>[\/et_pb_text][\/et_pb_column][et_pb_column type=&#8221;1_4&#8243;][et_pb_text admin_label=&#8221;Relacions institucionais&#8221; _builder_version=&#8221;3.0.51&#8243; background_layout=&#8221;light&#8221; text_orientation=&#8221;left&#8221; border_style=&#8221;solid&#8221;]<\/p>\n<h2>Institutional relations team<\/h2>\n<h3>Coordination<\/h3>\n<ul>\n<li>Ana Pumares<\/li>\n<\/ul>\n<h3>Institutional relations<\/h3>\n<ul>\n<li>Isabel L\u00f3pez-Mari\u00f1o<\/li>\n<\/ul>\n<p>[\/et_pb_text][et_pb_text admin_label=&#8221;Infraestruturas&#8221; _builder_version=&#8221;3.0.51&#8243; background_layout=&#8221;light&#8221; text_orientation=&#8221;left&#8221; border_style=&#8221;solid&#8221;]<\/p>\n<h2>Infrastructures team<\/h2>\n<h3>Coordination<\/h3>\n<ul>\n<li>Carmen Armada<\/li>\n<\/ul>\n<h3>Design &amp; delineation<\/h3>\n<ul>\n<li>Daniel Ayuso<\/li>\n<li>Juan Froj\u00e1n Castro<\/li>\n<li>Pedro Abad<\/li>\n<li>Romualdo Irixoa<\/li>\n<\/ul>\n<p>[\/et_pb_text][et_pb_text admin_label=&#8221;web&#8221; _builder_version=&#8221;3.0.51&#8243; background_layout=&#8221;light&#8221; text_orientation=&#8221;left&#8221; border_style=&#8221;solid&#8221;]<\/p>\n<h2>Website<\/h2>\n<ul>\n<li>Alfonso V\u00e1zquez<\/li>\n<li>Quique Varela<\/li>\n<\/ul>\n<p>[\/et_pb_text][et_pb_text admin_label=&#8221;Redes sociais&#8221; _builder_version=&#8221;3.0.51&#8243; background_layout=&#8221;light&#8221; text_orientation=&#8221;left&#8221; border_style=&#8221;solid&#8221;]<\/p>\n<h2>Social media<\/h2>\n<ul>\n<li>Rom\u00e1n Bello<\/li>\n<\/ul>\n<p>[\/et_pb_text][et_pb_text admin_label=&#8221;Micro mecenazgo&#8221; _builder_version=&#8221;3.0.51&#8243; background_layout=&#8221;light&#8221; text_orientation=&#8221;left&#8221; border_style=&#8221;solid&#8221;]<\/p>\n<h2>Micro patronage<\/h2>\n<ul>\n<li>Julia Lago<\/li>\n<\/ul>\n<p>[\/et_pb_text][et_pb_text admin_label=&#8221;Actividades&#8221; _builder_version=&#8221;3.0.51&#8243; background_layout=&#8221;light&#8221; text_orientation=&#8221;left&#8221; border_style=&#8221;solid&#8221;]<\/p>\n<h2>Activities team<\/h2>\n<h3>Coordination<\/h3>\n<ul>\n<li>Vanesa Ferreiro<\/li>\n<\/ul>\n<h3>Education<\/h3>\n<ul>\n<li>Nour Al Hussen<\/li>\n<li>Inma Sangiao<\/li>\n<\/ul>\n<h3>Centers management<\/h3>\n<ul>\n<li>Maca Silva<\/li>\n<li>Isabel L\u00f3pez-Mari\u00f1o<\/li>\n<li>Margarita Gonzalez<\/li>\n<\/ul>\n<h3>Activities program management<\/h3>\n<ul>\n<li>Ana D\u00edez<\/li>\n<li>Cristina Varela<\/li>\n<li>Diego Velasco<\/li>\n<\/ul>\n<h3>Music management<\/h3>\n<ul>\n<li>Xos\u00e9 Taboada<\/li>\n<\/ul>\n<p>[\/et_pb_text][\/et_pb_column][et_pb_column type=&#8221;1_4&#8243;][et_pb_text admin_label=&#8221;Memoria v\u00eddeo&#8221; _builder_version=&#8221;3.0.51&#8243; background_layout=&#8221;light&#8221; text_orientation=&#8221;left&#8221; border_style=&#8221;solid&#8221;]<\/p>\n<h2>V\u00eddeo memory<\/h2>\n<ul>\n<li>Clara L\u00f3pez<\/li>\n<\/ul>\n<p>[\/et_pb_text][et_pb_text admin_label=&#8221;Audiovisual&#8221; _builder_version=&#8221;3.0.51&#8243; background_layout=&#8221;light&#8221; text_orientation=&#8221;left&#8221; border_style=&#8221;solid&#8221;]<\/p>\n<h2>Audiovisual production of video parts<\/h2>\n<ul>\n<li>Proyecto 41<\/li>\n<\/ul>\n<h3>Direction &amp; Screenplay<\/h3>\n<ul>\n<li>Guillermo Ascanio Manzano<\/li>\n<li>Roberto Pita Arcones<\/li>\n<\/ul>\n<h3>Production<\/h3>\n<ul>\n<li>Daniel Celles Gonzalez<\/li>\n<li>Emilio Manuel Barreiro<\/li>\n<\/ul>\n<h3>Image<\/h3>\n<ul>\n<li>Guillermo Ascanio Manzano<\/li>\n<li>Roberto Pita Arcones<\/li>\n<\/ul>\n<h3>Sound<\/h3>\n<ul>\n<li>Tamara Ochoa Varela<\/li>\n<\/ul>\n<h3>Art &amp; Makeup<\/h3>\n<ul>\n<li>Delia Cabarcos Berm\u00fadez<\/li>\n<\/ul>\n<p>[\/et_pb_text][et_pb_text admin_label=&#8221;Medios de comunicaci\u00f3n&#8221; _builder_version=&#8221;3.0.51&#8243; background_layout=&#8221;light&#8221; text_orientation=&#8221;left&#8221; border_style=&#8221;solid&#8221;]<\/p>\n<h2>Media team<\/h2>\n<h3>Coordination<\/h3>\n<ul>\n<li>Rub\u00e9n S\u00e1nchez<\/li>\n<\/ul>\n<p>[\/et_pb_text][et_pb_text admin_label=&#8221;simulacion campo&#8221; _builder_version=&#8221;3.0.51&#8243; background_layout=&#8221;light&#8221; text_orientation=&#8221;left&#8221; border_style=&#8221;solid&#8221;]<\/p>\n<h2>Refugee camp simulation<\/h2>\n<h3>Scenographer<\/h3>\n<ul>\n<li>Suso Montero<\/li>\n<\/ul>\n<h3>Simulation<\/h3>\n<ul>\n<li>Isabel L\u00f3pez-Mari\u00f1o<\/li>\n<li>Damniel Remeseiro<\/li>\n<li>Juanma Rego Rios<\/li>\n<li>Pepe Jim\u00e9nez Mart\u00ednez<\/li>\n<li id=\"m_3537654146199535339AppleMailSignature\">Pepe Galan<\/li>\n<li id=\"m_3537654146199535339AppleMailSignature\">Manuel Gonz\u00e1lez<\/li>\n<\/ul>\n<p>[\/et_pb_text][et_pb_text admin_label=&#8221;traducci\u00f3ns&#8221; _builder_version=&#8221;3.0.51&#8243; background_layout=&#8221;light&#8221; text_orientation=&#8221;left&#8221; border_style=&#8221;solid&#8221;]<\/p>\n<h2>Translations team<\/h2>\n<h3>Galego<\/h3>\n<ul>\n<li>Bego\u00f1a M\u00e9ndez<\/li>\n<\/ul>\n<h3>English<\/h3>\n<ul>\n<li>Inma Sangiao<\/li>\n<\/ul>\n<p>[\/et_pb_text][\/et_pb_column][et_pb_column type=&#8221;1_4&#8243;][et_pb_text admin_label=&#8221;Colaboran&#8221; _builder_version=&#8221;3.0.51&#8243; background_layout=&#8221;light&#8221; text_orientation=&#8221;left&#8221; border_style=&#8221;solid&#8221;]<\/p>\n<h2>Colaboran<\/h2>\n<ul>\n<li>Concepci\u00f3n S\u00e1nchez S\u00e1nchez<\/li>\n<li>Mabel P\u00e9rez<\/li>\n<li>Juanma Rego Rios<\/li>\n<li>Pilar Subias<\/li>\n<li>Santiago Hern\u00e1ndez<\/li>\n<li>Diego Velasco<\/li>\n<li>Teresa<\/li>\n<li>Xurxo Souto<\/li>\n<li>Fernanda Tabar\u00e9s<\/li>\n<li>Daniel Fern\u00e1ndez V\u00e1zquez<\/li>\n<\/ul>\n<p>[\/et_pb_text][et_pb_text admin_label=&#8221;Voluntarios&#8221; _builder_version=&#8221;3.0.51&#8243; background_layout=&#8221;light&#8221; text_orientation=&#8221;left&#8221; border_style=&#8221;solid&#8221;]<\/p>\n<h2>Volunteers<\/h2>\n<ul>\n<li>Asunci\u00f3n de La Pe\u00f1a Mart\u00edn<\/li>\n<li>Iria del Campo Vera<\/li>\n<li>Inmaculada Sangiao Bastida<\/li>\n<li>Rexina Basade Orozco<\/li>\n<li>Margarita Gonzalez Varela<\/li>\n<li>Juan Froj\u00e1n Castro<\/li>\n<li>Helena Gomoll\u00f3n Guevara<\/li>\n<li>Carla Brenlla Lorenzo<\/li>\n<li>Clara Rodriguez Gonz\u00e1lez<\/li>\n<li>Sonia Rodr\u00edguez Beltr\u00e1n<\/li>\n<li>Irene Garc\u00eda Paz<\/li>\n<li>Ana Fraga Vila<\/li>\n<li>Natalia San Vicente Pellicer<\/li>\n<li>Viru Lebedynski Mena<\/li>\n<li>Felipe Gutierrez Fern\u00e1ndez<\/li>\n<li>Jos\u00e9 Juan Jimenez Martinez<\/li>\n<li>Daniel Amor Garc\u00eda<\/li>\n<li>Paula Scapinachis Viacava<\/li>\n<li>Alejandra Seoane Rial<\/li>\n<li>Mario Rodriguez Gala<\/li>\n<li>Anuncio Moro\u00f1o Noia<\/li>\n<li>Julia Lago Fernandez-Couto<\/li>\n<li>Pilar Izquierdo Bernardo<\/li>\n<li>Sara Bravo Prado<\/li>\n<li>Marcos Fernandez Cea<\/li>\n<li>Fernando Mart\u00ednez Veiga<\/li>\n<li>Juan Manuel Regos Rios<\/li>\n<li>Manuel Villares Creo<\/li>\n<li>Celia Mar\u00eda L\u00f3pez Carballido<\/li>\n<li>Camilo Uran Pico<\/li>\n<li>Tania Rivera Castro<\/li>\n<li>Hortensia Rosi<\/li>\n<li>Enrique Otero Seivane<\/li>\n<li>Cecilia Garcia Carrara<\/li>\n<li>Luz Marina N\u00fa\u00f1ez Fern\u00e1ndez<\/li>\n<li>Marta Sicre<\/li>\n<li>Marta Rioboo Bascoy<\/li>\n<li>Ic\u00eda Becerra Paz<\/li>\n<li>Nora y Jose<\/li>\n<\/ul>\n<p>[\/et_pb_text][\/et_pb_column][\/et_pb_row][\/et_pb_section]<\/p>\n","protected":false},"excerpt":{"rendered":"<p>ACAMPA 2017 CREDITS Pola paz e o dereito ao refuxio General Coordinator Xos\u00e9 Abad Secretary Carlos Reguera Economy team Coordination Bernardo Seoane Marta Gal\u00e1n Chuky Trillo Social organizations team Coordination Nerea Urbaneja Social organizations relations Marta Garc\u00eda Nour Salih Pilar Silva Maca Silva Loreto Taibo Logistics Coordination Marta Garc\u00eda Leticia Santaballa Logistics management Ahmad Sagir [&hellip;]<\/p>\n","protected":false},"author":2,"featured_media":0,"parent":0,"menu_order":0,"comment_status":"closed","ping_status":"closed","template":"","meta":{"_et_pb_use_builder":"on","_et_pb_old_content":"","_et_gb_content_width":"","inline_featured_image":false,"footnotes":""},"class_list":["post-35823","page","type-page","status-publish","hentry"],"yoast_head":"<!-- This site is optimized with the Yoast SEO plugin v25.9 - https:\/\/yoast.com\/wordpress\/plugins\/seo\/ -->\n<title>Credits 2107 | Acampa 2017 - Pola paz e o dereito a refuxio<\/title>\n<meta name=\"robots\" content=\"index, follow, max-snippet:-1, max-image-preview:large, max-video-preview:-1\" \/>\n<link rel=\"canonical\" href=\"https:\/\/coruna2017.redeacampa.org\/en\/credits\/\" \/>\n<meta property=\"og:locale\" content=\"en_US\" \/>\n<meta property=\"og:type\" content=\"article\" \/>\n<meta property=\"og:title\" content=\"Credits 2107 | Acampa 2017 - Pola paz e o dereito a refuxio\" \/>\n<meta property=\"og:description\" content=\"ACAMPA 2017 CREDITS Pola paz e o dereito ao refuxio General Coordinator Xos\u00e9 Abad Secretary Carlos Reguera Economy team Coordination Bernardo Seoane Marta Gal\u00e1n Chuky Trillo Social organizations team Coordination Nerea Urbaneja Social organizations relations Marta Garc\u00eda Nour Salih Pilar Silva Maca Silva Loreto Taibo Logistics Coordination Marta Garc\u00eda Leticia Santaballa Logistics management Ahmad Sagir [&hellip;]\" \/>\n<meta property=\"og:url\" content=\"https:\/\/coruna2017.redeacampa.org\/en\/credits\/\" \/>\n<meta property=\"og:site_name\" content=\"Acampa 2017 - Pola paz e o dereito a refuxio\" \/>\n<meta property=\"article:modified_time\" content=\"2018-03-14T18:56:23+00:00\" \/>\n<meta name=\"twitter:card\" content=\"summary_large_image\" \/>\n<meta name=\"twitter:label1\" content=\"Est. reading time\" \/>\n\t<meta name=\"twitter:data1\" content=\"5 minutes\" \/>\n<script type=\"application\/ld+json\" class=\"yoast-schema-graph\">{\"@context\":\"https:\/\/schema.org\",\"@graph\":[{\"@type\":\"WebPage\",\"@id\":\"https:\/\/coruna2017.redeacampa.org\/en\/credits\/\",\"url\":\"https:\/\/coruna2017.redeacampa.org\/en\/credits\/\",\"name\":\"Credits 2107 | Acampa 2017 - Pola paz e o dereito a refuxio\",\"isPartOf\":{\"@id\":\"https:\/\/coruna2017.redeacampa.org\/en\/#website\"},\"datePublished\":\"2017-06-10T10:06:45+00:00\",\"dateModified\":\"2018-03-14T18:56:23+00:00\",\"breadcrumb\":{\"@id\":\"https:\/\/coruna2017.redeacampa.org\/en\/credits\/#breadcrumb\"},\"inLanguage\":\"en-US\",\"potentialAction\":[{\"@type\":\"ReadAction\",\"target\":[\"https:\/\/coruna2017.redeacampa.org\/en\/credits\/\"]}]},{\"@type\":\"BreadcrumbList\",\"@id\":\"https:\/\/coruna2017.redeacampa.org\/en\/credits\/#breadcrumb\",\"itemListElement\":[{\"@type\":\"ListItem\",\"position\":1,\"name\":\"Portada\",\"item\":\"https:\/\/coruna2017.redeacampa.org\/en\/\"},{\"@type\":\"ListItem\",\"position\":2,\"name\":\"Credits 2107\"}]},{\"@type\":\"WebSite\",\"@id\":\"https:\/\/coruna2017.redeacampa.org\/en\/#website\",\"url\":\"https:\/\/coruna2017.redeacampa.org\/en\/\",\"name\":\"Acampa 2017 - Pola paz e o dereito a refuxio\",\"description\":\"Unha iniciativa cidad\u00e1 sen fins de lucro integrada por colectivos sociais, culturais, educativos, veci\u00f1ais, pol\u00edticos, sindicais, art\u00edsticos, de persoas solidarias, de instituci\u00f3ns e empresas con responsabilidade social que te\u00f1en como obxectivo a defensa dos dereitos humanos, o Dereito Internacional Humanitario e o Dereito a Refuxio.\",\"potentialAction\":[{\"@type\":\"SearchAction\",\"target\":{\"@type\":\"EntryPoint\",\"urlTemplate\":\"https:\/\/coruna2017.redeacampa.org\/en\/?s={search_term_string}\"},\"query-input\":{\"@type\":\"PropertyValueSpecification\",\"valueRequired\":true,\"valueName\":\"search_term_string\"}}],\"inLanguage\":\"en-US\"}]}<\/script>\n<!-- \/ Yoast SEO plugin. -->","yoast_head_json":{"title":"Credits 2107 | Acampa 2017 - Pola paz e o dereito a refuxio","robots":{"index":"index","follow":"follow","max-snippet":"max-snippet:-1","max-image-preview":"max-image-preview:large","max-video-preview":"max-video-preview:-1"},"canonical":"https:\/\/coruna2017.redeacampa.org\/en\/credits\/","og_locale":"en_US","og_type":"article","og_title":"Credits 2107 | Acampa 2017 - Pola paz e o dereito a refuxio","og_description":"ACAMPA 2017 CREDITS Pola paz e o dereito ao refuxio General Coordinator Xos\u00e9 Abad Secretary Carlos Reguera Economy team Coordination Bernardo Seoane Marta Gal\u00e1n Chuky Trillo Social organizations team Coordination Nerea Urbaneja Social organizations relations Marta Garc\u00eda Nour Salih Pilar Silva Maca Silva Loreto Taibo Logistics Coordination Marta Garc\u00eda Leticia Santaballa Logistics management Ahmad Sagir [&hellip;]","og_url":"https:\/\/coruna2017.redeacampa.org\/en\/credits\/","og_site_name":"Acampa 2017 - Pola paz e o dereito a refuxio","article_modified_time":"2018-03-14T18:56:23+00:00","twitter_card":"summary_large_image","twitter_misc":{"Est. reading time":"5 minutes"},"schema":{"@context":"https:\/\/schema.org","@graph":[{"@type":"WebPage","@id":"https:\/\/coruna2017.redeacampa.org\/en\/credits\/","url":"https:\/\/coruna2017.redeacampa.org\/en\/credits\/","name":"Credits 2107 | Acampa 2017 - Pola paz e o dereito a refuxio","isPartOf":{"@id":"https:\/\/coruna2017.redeacampa.org\/en\/#website"},"datePublished":"2017-06-10T10:06:45+00:00","dateModified":"2018-03-14T18:56:23+00:00","breadcrumb":{"@id":"https:\/\/coruna2017.redeacampa.org\/en\/credits\/#breadcrumb"},"inLanguage":"en-US","potentialAction":[{"@type":"ReadAction","target":["https:\/\/coruna2017.redeacampa.org\/en\/credits\/"]}]},{"@type":"BreadcrumbList","@id":"https:\/\/coruna2017.redeacampa.org\/en\/credits\/#breadcrumb","itemListElement":[{"@type":"ListItem","position":1,"name":"Portada","item":"https:\/\/coruna2017.redeacampa.org\/en\/"},{"@type":"ListItem","position":2,"name":"Credits 2107"}]},{"@type":"WebSite","@id":"https:\/\/coruna2017.redeacampa.org\/en\/#website","url":"https:\/\/coruna2017.redeacampa.org\/en\/","name":"Acampa 2017 - Pola paz e o dereito a refuxio","description":"Unha iniciativa cidad\u00e1 sen fins de lucro integrada por colectivos sociais, culturais, educativos, veci\u00f1ais, pol\u00edticos, sindicais, art\u00edsticos, de persoas solidarias, de instituci\u00f3ns e empresas con responsabilidade social que te\u00f1en como obxectivo a defensa dos dereitos humanos, o Dereito Internacional Humanitario e o Dereito a Refuxio.","potentialAction":[{"@type":"SearchAction","target":{"@type":"EntryPoint","urlTemplate":"https:\/\/coruna2017.redeacampa.org\/en\/?s={search_term_string}"},"query-input":{"@type":"PropertyValueSpecification","valueRequired":true,"valueName":"search_term_string"}}],"inLanguage":"en-US"}]}},"_links":{"self":[{"href":"https:\/\/coruna2017.redeacampa.org\/en\/wp-json\/wp\/v2\/pages\/35823","targetHints":{"allow":["GET"]}}],"collection":[{"href":"https:\/\/coruna2017.redeacampa.org\/en\/wp-json\/wp\/v2\/pages"}],"about":[{"href":"https:\/\/coruna2017.redeacampa.org\/en\/wp-json\/wp\/v2\/types\/page"}],"author":[{"embeddable":true,"href":"https:\/\/coruna2017.redeacampa.org\/en\/wp-json\/wp\/v2\/users\/2"}],"replies":[{"embeddable":true,"href":"https:\/\/coruna2017.redeacampa.org\/en\/wp-json\/wp\/v2\/comments?post=35823"}],"version-history":[{"count":0,"href":"https:\/\/coruna2017.redeacampa.org\/en\/wp-json\/wp\/v2\/pages\/35823\/revisions"}],"wp:attachment":[{"href":"https:\/\/coruna2017.redeacampa.org\/en\/wp-json\/wp\/v2\/media?parent=35823"}],"curies":[{"name":"wp","href":"https:\/\/api.w.org\/{rel}","templated":true}]}}