{"id":35768,"date":"2017-06-10T12:06:45","date_gmt":"2017-06-10T10:06:45","guid":{"rendered":"http:\/\/2017.acampa.eu\/?page_id=35768\/"},"modified":"2018-03-14T19:55:44","modified_gmt":"2018-03-14T18:55:44","slug":"creditos","status":"publish","type":"page","link":"https:\/\/coruna2017.redeacampa.org\/es\/creditos\/","title":{"rendered":"Cr\u00e9ditos 2017"},"content":{"rendered":"<p>[et_pb_section bb_built=\u00bb1&#8243; fullwidth=\u00bboff\u00bb specialty=\u00bboff\u00bb _builder_version=\u00bb3.0.51&#8243; background_color=\u00bb#CD1619&#8243; custom_padding=\u00bb30px||30px|\u00bb next_background_color=\u00bb#ffffff\u00bb][et_pb_row background_position=\u00bbtop_left\u00bb background_repeat=\u00bbrepeat\u00bb background_size=\u00bbinitial\u00bb][et_pb_column type=\u00bb4_4&#8243;][et_pb_text _builder_version=\u00bb3.0.105&#8243; background_layout=\u00bbdark\u00bb text_orientation=\u00bbleft\u00bb border_style=\u00bbsolid\u00bb]<\/p>\n<h1>CR\u00c9DITOS ACAMPA 2017<\/h1>\n<p>Pola paz e o dereito ao refuxio<\/p>\n<p>[\/et_pb_text][\/et_pb_column][\/et_pb_row][\/et_pb_section][et_pb_section bb_built=\u00bb1&#8243; admin_label=\u00bbsection\u00bb _builder_version=\u00bb3.0.51&#8243; module_class=\u00bbcreditos\u00bb background_image=\u00bb\/wp-content\/uploads\/gravilla2.jpg\u00bb background_size=\u00bbinitial\u00bb background_repeat=\u00bbrepeat\u00bb prev_background_color=\u00bb#CD1619&#8243;][et_pb_row background_position=\u00bbtop_left\u00bb background_repeat=\u00bbrepeat\u00bb background_size=\u00bbinitial\u00bb][et_pb_column type=\u00bb4_4&#8243;][et_pb_image _builder_version=\u00bb3.0.51&#8243; src=\u00bb\/wp-content\/uploads\/Acampa.jpg\u00bb show_in_lightbox=\u00bbon\u00bb url_new_window=\u00bboff\u00bb use_overlay=\u00bboff\u00bb sticky=\u00bboff\u00bb align=\u00bbleft\u00bb always_center_on_mobile=\u00bbon\u00bb border_style=\u00bbsolid\u00bb force_fullwidth=\u00bboff\u00bb animation_style=\u00bbslide\u00bb animation_duration=\u00bb500ms\u00bb animation_intensity_slide=\u00bb10%\u00bb animation_direction=\u00bbleft\u00bb show_bottom_space=\u00bbon\u00bb \/][\/et_pb_column][\/et_pb_row][et_pb_row admin_label=\u00bbrow\u00bb background_position=\u00bbtop_left\u00bb background_repeat=\u00bbrepeat\u00bb background_size=\u00bbinitial\u00bb _builder_version=\u00bb3.0.51&#8243;][et_pb_column type=\u00bb1_4&#8243;][et_pb_text admin_label=\u00bbCoordinador\u00bb _builder_version=\u00bb3.0.51&#8243; background_layout=\u00bblight\u00bb text_orientation=\u00bbleft\u00bb border_style=\u00bbsolid\u00bb]<\/p>\n<h2>Coordinador General<\/h2>\n<ul>\n<li>Xos\u00e9 Abad<\/li>\n<\/ul>\n<p>[\/et_pb_text][et_pb_text admin_label=\u00bbSecretar\u00eda\u00bb _builder_version=\u00bb3.0.51&#8243; background_layout=\u00bblight\u00bb text_orientation=\u00bbleft\u00bb border_style=\u00bbsolid\u00bb]<\/p>\n<h2>Secretar\u00eda<\/h2>\n<ul>\n<li>Carlos Reguera<\/li>\n<\/ul>\n<p>[\/et_pb_text][et_pb_text admin_label=\u00bbEconom\u00eda\u00bb _builder_version=\u00bb3.0.51&#8243; background_layout=\u00bblight\u00bb text_orientation=\u00bbleft\u00bb border_style=\u00bbsolid\u00bb]<\/p>\n<h2>Equipo de econom\u00eda<\/h2>\n<h3>Coordinaci\u00f3n<\/h3>\n<ul>\n<li>Bernardo Seoane<\/li>\n<li>Marta Gal\u00e1n<\/li>\n<li>Chuky Trillo<\/li>\n<\/ul>\n<p>[\/et_pb_text][et_pb_text admin_label=\u00bbOrganizaci\u00f3ns sociais\u00bb _builder_version=\u00bb3.0.51&#8243; background_layout=\u00bblight\u00bb text_orientation=\u00bbleft\u00bb border_style=\u00bbsolid\u00bb]<\/p>\n<h2>Equipo de organizaciones sociales<\/h2>\n<h3>Coordinaci\u00f3n<\/h3>\n<ul>\n<li>Nerea Urbaneja<\/li>\n<\/ul>\n<h3>Relaci\u00f3n con entidades sociales<\/h3>\n<ul>\n<li>Marta Garc\u00eda<\/li>\n<li>Nour Salih<\/li>\n<li>Pilar Silva<\/li>\n<li>Maca Silva<\/li>\n<li>Loreto Taibo<\/li>\n<\/ul>\n<p>[\/et_pb_text][et_pb_text admin_label=\u00bbLog\u00edstica\u00bb _builder_version=\u00bb3.0.51&#8243; background_layout=\u00bblight\u00bb text_orientation=\u00bbleft\u00bb border_style=\u00bbsolid\u00bb]<\/p>\n<h2>Log\u00edstica<\/h2>\n<h3>Coordinaci\u00f3n<\/h3>\n<ul>\n<li>Marta Garc\u00eda<\/li>\n<li>Leticia Santaballa<\/li>\n<\/ul>\n<h3>Gesti\u00f3n de log\u00edstica<\/h3>\n<ul>\n<li>Ahmad Sagir<\/li>\n<\/ul>\n<p>[\/et_pb_text][et_pb_text admin_label=\u00bbAsesor\u00eda legal\u00bb _builder_version=\u00bb3.0.51&#8243; background_layout=\u00bblight\u00bb text_orientation=\u00bbleft\u00bb border_style=\u00bbsolid\u00bb]<\/p>\n<h2>Asesor\u00eda Legal<\/h2>\n<ul>\n<li>Enrique Otero<\/li>\n<\/ul>\n<p>[\/et_pb_text][et_pb_text admin_label=\u00bbDese\u00f1o\u00bb _builder_version=\u00bb3.0.51&#8243; background_layout=\u00bblight\u00bb text_orientation=\u00bbleft\u00bb border_style=\u00bbsolid\u00bb]<\/p>\n<h2>Equipo de dise\u00f1o<\/h2>\n<h3>Coordinadora<\/h3>\n<ul>\n<li>Aitana Tub\u00edo<\/li>\n<\/ul>\n<h3>Dise\u00f1o Cat\u00e1logo<\/h3>\n<ul>\n<li>Luis Llor\u00e9ns<\/li>\n<\/ul>\n<h3>Ilustraciones<\/h3>\n<ul>\n<li>Carlos Gallego<\/li>\n<\/ul>\n<p>[\/et_pb_text][\/et_pb_column][et_pb_column type=\u00bb1_4&#8243;][et_pb_text admin_label=\u00bbRelacions institucionais\u00bb _builder_version=\u00bb3.0.51&#8243; background_layout=\u00bblight\u00bb text_orientation=\u00bbleft\u00bb border_style=\u00bbsolid\u00bb]<\/p>\n<h2>Equipo de relaciones institucionales<\/h2>\n<h3>Coordinaci\u00f3n<\/h3>\n<ul>\n<li>Ana Pumares<\/li>\n<\/ul>\n<h3>Relaciones institucionales<\/h3>\n<ul>\n<li>Isabel L\u00f3pez-Mari\u00f1o<\/li>\n<\/ul>\n<p>[\/et_pb_text][et_pb_text admin_label=\u00bbInfraestruturas\u00bb _builder_version=\u00bb3.0.51&#8243; background_layout=\u00bblight\u00bb text_orientation=\u00bbleft\u00bb border_style=\u00bbsolid\u00bb]<\/p>\n<h2>Equipo de infraestructuras<\/h2>\n<h3>Coordinaci\u00f3n<\/h3>\n<ul>\n<li>Carmen Armada<\/li>\n<\/ul>\n<h3>Dise\u00f1o y delineaci\u00f3n<\/h3>\n<ul>\n<li>Daniel Ayuso<\/li>\n<li>Juan Froj\u00e1n Castro<\/li>\n<li>Pedro Abad<\/li>\n<li>Romualdo Irixoa<\/li>\n<\/ul>\n<p>[\/et_pb_text][et_pb_text admin_label=\u00bbRedes sociais\u00bb _builder_version=\u00bb3.0.51&#8243; background_layout=\u00bblight\u00bb text_orientation=\u00bbleft\u00bb border_style=\u00bbsolid\u00bb]<\/p>\n<h2>Redes sociales<\/h2>\n<ul>\n<li>Rom\u00e1n Bello<\/li>\n<\/ul>\n<p>[\/et_pb_text][et_pb_text admin_label=\u00bbweb\u00bb _builder_version=\u00bb3.0.51&#8243; background_layout=\u00bblight\u00bb text_orientation=\u00bbleft\u00bb border_style=\u00bbsolid\u00bb]<\/p>\n<h2>Sitio web<\/h2>\n<ul>\n<li>Alfonso V\u00e1zquez<\/li>\n<li>Quique Varela<\/li>\n<\/ul>\n<p>[\/et_pb_text][et_pb_text admin_label=\u00bbActividades\u00bb _builder_version=\u00bb3.0.51&#8243; background_layout=\u00bblight\u00bb text_orientation=\u00bbleft\u00bb border_style=\u00bbsolid\u00bb]<\/p>\n<h2>Equipo de actividades<\/h2>\n<h3>Coordinaci\u00f3n<\/h3>\n<ul>\n<li>Vanesa Ferreiro<\/li>\n<\/ul>\n<h3>Educaci\u00f3n<\/h3>\n<ul>\n<li>Nour Al Hussen<\/li>\n<li>Inma Sangiao<\/li>\n<\/ul>\n<h3>Gesti\u00f3n de los Centros<\/h3>\n<ul>\n<li>Maca Silva<\/li>\n<li>Isabel L\u00f3pez-Mari\u00f1o<\/li>\n<li>Margarita Gonzalez<\/li>\n<\/ul>\n<h3>Gesti\u00f3n del programa de actividades<\/h3>\n<ul>\n<li>Ana D\u00edez<\/li>\n<li>Cristina Varela<\/li>\n<li>Diego Velasco<\/li>\n<\/ul>\n<h3>Gesti\u00f3n Musical<\/h3>\n<ul>\n<li>Xos\u00e9 Taboada<\/li>\n<\/ul>\n<p>[\/et_pb_text][\/et_pb_column][et_pb_column type=\u00bb1_4&#8243;][et_pb_text admin_label=\u00bbMemoria v\u00eddeo\u00bb _builder_version=\u00bb3.0.51&#8243; background_layout=\u00bblight\u00bb text_orientation=\u00bbleft\u00bb border_style=\u00bbsolid\u00bb]<\/p>\n<h2>Memoria v\u00eddeo<\/h2>\n<ul>\n<li>Clara L\u00f3pez<\/li>\n<\/ul>\n<p>[\/et_pb_text][et_pb_text admin_label=\u00bbSimulacion campo\u00bb _builder_version=\u00bb3.0.51&#8243; background_layout=\u00bblight\u00bb text_orientation=\u00bbleft\u00bb border_style=\u00bbsolid\u00bb]<\/p>\n<h2>Simulaci\u00f3n campo de refugiados<\/h2>\n<h3>Escen\u00f3grafo<\/h3>\n<ul>\n<li>Suso Montero<\/li>\n<\/ul>\n<h3>Simulaci\u00f3n<\/h3>\n<ul>\n<li>Isabel L\u00f3pez-Mari\u00f1o<\/li>\n<li>Damniel Remeseiro<\/li>\n<li>Juanma Rego Rios<\/li>\n<li>Pepe Jim\u00e9nez Mart\u00ednez<\/li>\n<li id=\"m_3537654146199535339AppleMailSignature\">Pepe Galan<\/li>\n<li id=\"m_3537654146199535339AppleMailSignature\">Manuel Gonz\u00e1lez<\/li>\n<\/ul>\n<p>[\/et_pb_text][et_pb_text admin_label=\u00bbAudiovisual\u00bb _builder_version=\u00bb3.0.51&#8243; background_layout=\u00bblight\u00bb text_orientation=\u00bbleft\u00bb border_style=\u00bbsolid\u00bb]<\/p>\n<h2>Producci\u00f3n audiovisual de piezas v\u00eddeodifusi\u00f3n<\/h2>\n<ul>\n<li>Proyecto 41<\/li>\n<\/ul>\n<h3>Direcci\u00f3n y gui\u00f3n<\/h3>\n<ul>\n<li>Guillermo Ascanio Manzano<\/li>\n<li>Roberto Pita Arcones<\/li>\n<\/ul>\n<h3>Producci\u00f3n<\/h3>\n<ul>\n<li>Daniel Celles Gonzalez<\/li>\n<li>Emilio Manuel Barreiro<\/li>\n<\/ul>\n<h3>Imagen<\/h3>\n<ul>\n<li>Guillermo Ascanio Manzano<\/li>\n<li>Roberto Pita Arcones<\/li>\n<\/ul>\n<h3>Sonido<\/h3>\n<ul>\n<li>Tamara Ochoa Varela<\/li>\n<\/ul>\n<h3>Arte y maquillaje<\/h3>\n<ul>\n<li>Delia Cabarcos Berm\u00fadez<\/li>\n<\/ul>\n<p>[\/et_pb_text][et_pb_text admin_label=\u00bbMedios de comunicaci\u00f3n\u00bb _builder_version=\u00bb3.0.51&#8243; background_layout=\u00bblight\u00bb text_orientation=\u00bbleft\u00bb border_style=\u00bbsolid\u00bb]<\/p>\n<h2>Equipo de medios de comunicaci\u00f3n<\/h2>\n<h3>Coordinaci\u00f3n<\/h3>\n<ul>\n<li>Rub\u00e9n S\u00e1nchez<\/li>\n<\/ul>\n<p>[\/et_pb_text][et_pb_text admin_label=\u00bbMicro mecenazgo\u00bb _builder_version=\u00bb3.0.51&#8243; background_layout=\u00bblight\u00bb text_orientation=\u00bbleft\u00bb border_style=\u00bbsolid\u00bb]<\/p>\n<h2>Micro mecenazgo<\/h2>\n<ul>\n<li>Julia Lago<\/li>\n<\/ul>\n<p>[\/et_pb_text][et_pb_text admin_label=\u00bbtraducci\u00f3ns\u00bb _builder_version=\u00bb3.0.51&#8243; background_layout=\u00bblight\u00bb text_orientation=\u00bbleft\u00bb border_style=\u00bbsolid\u00bb]<\/p>\n<h2>Equipo de traducciones<\/h2>\n<h3>Galego<\/h3>\n<ul>\n<li>Bego\u00f1a M\u00e9ndez<\/li>\n<\/ul>\n<h3>Ingl\u00e9s<\/h3>\n<ul>\n<li>Inma Sangiao<\/li>\n<\/ul>\n<p>[\/et_pb_text][\/et_pb_column][et_pb_column type=\u00bb1_4&#8243;][et_pb_text admin_label=\u00bbColaboran\u00bb _builder_version=\u00bb3.0.51&#8243; background_layout=\u00bblight\u00bb text_orientation=\u00bbleft\u00bb border_style=\u00bbsolid\u00bb]<\/p>\n<h2>Colaboran<\/h2>\n<ul>\n<li>Concepci\u00f3n S\u00e1nchez S\u00e1nchez<\/li>\n<li>Mabel P\u00e9rez<\/li>\n<li>Juanma Rego Rios<\/li>\n<li>Pilar Subias<\/li>\n<li>Santiago Hern\u00e1ndez<\/li>\n<li>Diego Velasco<\/li>\n<li>Teresa<\/li>\n<li>Xurxo Souto<\/li>\n<li>Fernanda Tabar\u00e9s<\/li>\n<li>Dan\u00edel Fern\u00e1ndez V\u00e1zquez<\/li>\n<\/ul>\n<p>[\/et_pb_text][et_pb_text admin_label=\u00bbVoluntarios\u00bb _builder_version=\u00bb3.0.51&#8243; background_layout=\u00bblight\u00bb text_orientation=\u00bbleft\u00bb border_style=\u00bbsolid\u00bb]<\/p>\n<h2>Voluntarios<\/h2>\n<ul>\n<li>Asunci\u00f3n de La Pe\u00f1a Mart\u00edn<\/li>\n<li>Iria del Campo Vera<\/li>\n<li>Inmaculada Sangiao Bastida<\/li>\n<li>Rexina Basade Orozco<\/li>\n<li>Margarita Gonzalez Varela<\/li>\n<li>Juan Froj\u00e1n Castro<\/li>\n<li>Helena Gomoll\u00f3n Guevara<\/li>\n<li>Carla Brenlla Lorenzo<\/li>\n<li>Clara Rodriguez Gonz\u00e1lez<\/li>\n<li>Sonia Rodr\u00edguez Beltr\u00e1n<\/li>\n<li>Irene Garc\u00eda Paz<\/li>\n<li>Ana Fraga Vila<\/li>\n<li>Natalia San Vicente Pellicer<\/li>\n<li>Viru Lebedynski Mena<\/li>\n<li>Felipe Gutierrez Fern\u00e1ndez<\/li>\n<li>Jos\u00e9 Juan Jimenez Martinez<\/li>\n<li>Daniel Amor Garc\u00eda<\/li>\n<li>Paula Scapinachis Viacava<\/li>\n<li>Alejandra Seoane Rial<\/li>\n<li>Mario Rodriguez Gala<\/li>\n<li>Anuncio Moro\u00f1o Noia<\/li>\n<li>Julia Lago Fernandez-Couto<\/li>\n<li>Pilar Izquierdo Bernardo<\/li>\n<li>Sara Bravo Prado<\/li>\n<li>Marcos Fernandez Cea<\/li>\n<li>Fernando Mart\u00ednez Veiga<\/li>\n<li>Juan Manuel Regos Rios<\/li>\n<li>Manuel Villares Creo<\/li>\n<li>Celia Mar\u00eda L\u00f3pez Carballido<\/li>\n<li>Camilo Uran Pico<\/li>\n<li>Tania Rivera Castro<\/li>\n<li>Hortensia Rosi<\/li>\n<li>Enrique Otero Seivane<\/li>\n<li>Cecilia Garcia Carrara<\/li>\n<li>Luz Marina N\u00fa\u00f1ez Fern\u00e1ndez<\/li>\n<li>Marta Sicre<\/li>\n<li>Marta Rioboo Bascoy<\/li>\n<li>Ic\u00eda Becerra Paz<\/li>\n<li>Nora y Jose<\/li>\n<\/ul>\n<p>[\/et_pb_text][\/et_pb_column][\/et_pb_row][\/et_pb_section]<\/p>\n","protected":false},"excerpt":{"rendered":"<p>CR\u00c9DITOS ACAMPA 2017 Pola paz e o dereito ao refuxio Coordinador General Xos\u00e9 Abad Secretar\u00eda Carlos Reguera Equipo de econom\u00eda Coordinaci\u00f3n Bernardo Seoane Marta Gal\u00e1n Chuky Trillo Equipo de organizaciones sociales Coordinaci\u00f3n Nerea Urbaneja Relaci\u00f3n con entidades sociales Marta Garc\u00eda Nour Salih Pilar Silva Maca Silva Loreto Taibo Log\u00edstica Coordinaci\u00f3n Marta Garc\u00eda Leticia Santaballa Gesti\u00f3n [&hellip;]<\/p>\n","protected":false},"author":2,"featured_media":0,"parent":0,"menu_order":0,"comment_status":"closed","ping_status":"closed","template":"","meta":{"_et_pb_use_builder":"on","_et_pb_old_content":"","_et_gb_content_width":"","inline_featured_image":false,"footnotes":""},"class_list":["post-35768","page","type-page","status-publish","hentry"],"yoast_head":"<!-- This site is optimized with the Yoast SEO plugin v25.9 - https:\/\/yoast.com\/wordpress\/plugins\/seo\/ -->\n<title>Cr\u00e9ditos 2017 | Acampa 2017 - Pola paz e o dereito a refuxio<\/title>\n<meta name=\"robots\" content=\"index, follow, max-snippet:-1, max-image-preview:large, max-video-preview:-1\" \/>\n<link rel=\"canonical\" href=\"https:\/\/coruna2017.redeacampa.org\/es\/creditos\/\" \/>\n<meta property=\"og:locale\" content=\"es_ES\" \/>\n<meta property=\"og:type\" content=\"article\" \/>\n<meta property=\"og:title\" content=\"Cr\u00e9ditos 2017 | Acampa 2017 - Pola paz e o dereito a refuxio\" \/>\n<meta property=\"og:description\" content=\"CR\u00c9DITOS ACAMPA 2017 Pola paz e o dereito ao refuxio Coordinador General Xos\u00e9 Abad Secretar\u00eda Carlos Reguera Equipo de econom\u00eda Coordinaci\u00f3n Bernardo Seoane Marta Gal\u00e1n Chuky Trillo Equipo de organizaciones sociales Coordinaci\u00f3n Nerea Urbaneja Relaci\u00f3n con entidades sociales Marta Garc\u00eda Nour Salih Pilar Silva Maca Silva Loreto Taibo Log\u00edstica Coordinaci\u00f3n Marta Garc\u00eda Leticia Santaballa Gesti\u00f3n [&hellip;]\" \/>\n<meta property=\"og:url\" content=\"https:\/\/coruna2017.redeacampa.org\/es\/creditos\/\" \/>\n<meta property=\"og:site_name\" content=\"Acampa 2017 - Pola paz e o dereito a refuxio\" \/>\n<meta property=\"article:modified_time\" content=\"2018-03-14T18:55:44+00:00\" \/>\n<meta name=\"twitter:card\" content=\"summary_large_image\" \/>\n<meta name=\"twitter:label1\" content=\"Tiempo de lectura\" \/>\n\t<meta name=\"twitter:data1\" content=\"6 minutos\" \/>\n<script type=\"application\/ld+json\" class=\"yoast-schema-graph\">{\"@context\":\"https:\/\/schema.org\",\"@graph\":[{\"@type\":\"WebPage\",\"@id\":\"https:\/\/coruna2017.redeacampa.org\/es\/creditos\/\",\"url\":\"https:\/\/coruna2017.redeacampa.org\/es\/creditos\/\",\"name\":\"Cr\u00e9ditos 2017 | Acampa 2017 - Pola paz e o dereito a refuxio\",\"isPartOf\":{\"@id\":\"https:\/\/coruna2017.redeacampa.org\/es\/#website\"},\"datePublished\":\"2017-06-10T10:06:45+00:00\",\"dateModified\":\"2018-03-14T18:55:44+00:00\",\"breadcrumb\":{\"@id\":\"https:\/\/coruna2017.redeacampa.org\/es\/creditos\/#breadcrumb\"},\"inLanguage\":\"es\",\"potentialAction\":[{\"@type\":\"ReadAction\",\"target\":[\"https:\/\/coruna2017.redeacampa.org\/es\/creditos\/\"]}]},{\"@type\":\"BreadcrumbList\",\"@id\":\"https:\/\/coruna2017.redeacampa.org\/es\/creditos\/#breadcrumb\",\"itemListElement\":[{\"@type\":\"ListItem\",\"position\":1,\"name\":\"Portada\",\"item\":\"https:\/\/coruna2017.redeacampa.org\/es\/\"},{\"@type\":\"ListItem\",\"position\":2,\"name\":\"Cr\u00e9ditos 2017\"}]},{\"@type\":\"WebSite\",\"@id\":\"https:\/\/coruna2017.redeacampa.org\/es\/#website\",\"url\":\"https:\/\/coruna2017.redeacampa.org\/es\/\",\"name\":\"Acampa 2017 - Pola paz e o dereito a refuxio\",\"description\":\"Unha iniciativa cidad\u00e1 sen fins de lucro integrada por colectivos sociais, culturais, educativos, veci\u00f1ais, pol\u00edticos, sindicais, art\u00edsticos, de persoas solidarias, de instituci\u00f3ns e empresas con responsabilidade social que te\u00f1en como obxectivo a defensa dos dereitos humanos, o Dereito Internacional Humanitario e o Dereito a Refuxio.\",\"potentialAction\":[{\"@type\":\"SearchAction\",\"target\":{\"@type\":\"EntryPoint\",\"urlTemplate\":\"https:\/\/coruna2017.redeacampa.org\/es\/?s={search_term_string}\"},\"query-input\":{\"@type\":\"PropertyValueSpecification\",\"valueRequired\":true,\"valueName\":\"search_term_string\"}}],\"inLanguage\":\"es\"}]}<\/script>\n<!-- \/ Yoast SEO plugin. -->","yoast_head_json":{"title":"Cr\u00e9ditos 2017 | Acampa 2017 - Pola paz e o dereito a refuxio","robots":{"index":"index","follow":"follow","max-snippet":"max-snippet:-1","max-image-preview":"max-image-preview:large","max-video-preview":"max-video-preview:-1"},"canonical":"https:\/\/coruna2017.redeacampa.org\/es\/creditos\/","og_locale":"es_ES","og_type":"article","og_title":"Cr\u00e9ditos 2017 | Acampa 2017 - Pola paz e o dereito a refuxio","og_description":"CR\u00c9DITOS ACAMPA 2017 Pola paz e o dereito ao refuxio Coordinador General Xos\u00e9 Abad Secretar\u00eda Carlos Reguera Equipo de econom\u00eda Coordinaci\u00f3n Bernardo Seoane Marta Gal\u00e1n Chuky Trillo Equipo de organizaciones sociales Coordinaci\u00f3n Nerea Urbaneja Relaci\u00f3n con entidades sociales Marta Garc\u00eda Nour Salih Pilar Silva Maca Silva Loreto Taibo Log\u00edstica Coordinaci\u00f3n Marta Garc\u00eda Leticia Santaballa Gesti\u00f3n [&hellip;]","og_url":"https:\/\/coruna2017.redeacampa.org\/es\/creditos\/","og_site_name":"Acampa 2017 - Pola paz e o dereito a refuxio","article_modified_time":"2018-03-14T18:55:44+00:00","twitter_card":"summary_large_image","twitter_misc":{"Tiempo de lectura":"6 minutos"},"schema":{"@context":"https:\/\/schema.org","@graph":[{"@type":"WebPage","@id":"https:\/\/coruna2017.redeacampa.org\/es\/creditos\/","url":"https:\/\/coruna2017.redeacampa.org\/es\/creditos\/","name":"Cr\u00e9ditos 2017 | Acampa 2017 - Pola paz e o dereito a refuxio","isPartOf":{"@id":"https:\/\/coruna2017.redeacampa.org\/es\/#website"},"datePublished":"2017-06-10T10:06:45+00:00","dateModified":"2018-03-14T18:55:44+00:00","breadcrumb":{"@id":"https:\/\/coruna2017.redeacampa.org\/es\/creditos\/#breadcrumb"},"inLanguage":"es","potentialAction":[{"@type":"ReadAction","target":["https:\/\/coruna2017.redeacampa.org\/es\/creditos\/"]}]},{"@type":"BreadcrumbList","@id":"https:\/\/coruna2017.redeacampa.org\/es\/creditos\/#breadcrumb","itemListElement":[{"@type":"ListItem","position":1,"name":"Portada","item":"https:\/\/coruna2017.redeacampa.org\/es\/"},{"@type":"ListItem","position":2,"name":"Cr\u00e9ditos 2017"}]},{"@type":"WebSite","@id":"https:\/\/coruna2017.redeacampa.org\/es\/#website","url":"https:\/\/coruna2017.redeacampa.org\/es\/","name":"Acampa 2017 - Pola paz e o dereito a refuxio","description":"Unha iniciativa cidad\u00e1 sen fins de lucro integrada por colectivos sociais, culturais, educativos, veci\u00f1ais, pol\u00edticos, sindicais, art\u00edsticos, de persoas solidarias, de instituci\u00f3ns e empresas con responsabilidade social que te\u00f1en como obxectivo a defensa dos dereitos humanos, o Dereito Internacional Humanitario e o Dereito a Refuxio.","potentialAction":[{"@type":"SearchAction","target":{"@type":"EntryPoint","urlTemplate":"https:\/\/coruna2017.redeacampa.org\/es\/?s={search_term_string}"},"query-input":{"@type":"PropertyValueSpecification","valueRequired":true,"valueName":"search_term_string"}}],"inLanguage":"es"}]}},"_links":{"self":[{"href":"https:\/\/coruna2017.redeacampa.org\/es\/wp-json\/wp\/v2\/pages\/35768","targetHints":{"allow":["GET"]}}],"collection":[{"href":"https:\/\/coruna2017.redeacampa.org\/es\/wp-json\/wp\/v2\/pages"}],"about":[{"href":"https:\/\/coruna2017.redeacampa.org\/es\/wp-json\/wp\/v2\/types\/page"}],"author":[{"embeddable":true,"href":"https:\/\/coruna2017.redeacampa.org\/es\/wp-json\/wp\/v2\/users\/2"}],"replies":[{"embeddable":true,"href":"https:\/\/coruna2017.redeacampa.org\/es\/wp-json\/wp\/v2\/comments?post=35768"}],"version-history":[{"count":0,"href":"https:\/\/coruna2017.redeacampa.org\/es\/wp-json\/wp\/v2\/pages\/35768\/revisions"}],"wp:attachment":[{"href":"https:\/\/coruna2017.redeacampa.org\/es\/wp-json\/wp\/v2\/media?parent=35768"}],"curies":[{"name":"wp","href":"https:\/\/api.w.org\/{rel}","templated":true}]}}