{"id":36068,"date":"2017-06-16T08:33:32","date_gmt":"2017-06-16T06:33:32","guid":{"rendered":"http:\/\/2017.acampa.eu\/?page_id=36068\/"},"modified":"2018-03-29T17:04:09","modified_gmt":"2018-03-29T15:04:09","slug":"actividades-paralelas","status":"publish","type":"page","link":"https:\/\/coruna2017.redeacampa.org\/es\/actividades-paralelas\/","title":{"rendered":"Actividades paralelas 2017"},"content":{"rendered":"<p>[et_pb_section bb_built=\u00bb1&#8243; admin_label=\u00bbsection\u00bb _builder_version=\u00bb3.0.51&#8243; background_color=\u00bb#CD1619&#8243; custom_padding=\u00bb20px||20px|\u00bb][et_pb_row admin_label=\u00bbrow\u00bb background_position=\u00bbtop_left\u00bb background_repeat=\u00bbrepeat\u00bb background_size=\u00bbinitial\u00bb _builder_version=\u00bb3.0.51&#8243; background_position_1=\u00bbtop_left\u00bb background_repeat_1=\u00bbno-repeat\u00bb][et_pb_column type=\u00bb4_4&#8243;][et_pb_text admin_label=\u00bbTexto\u00bb _builder_version=\u00bb3.0.51&#8243; background_layout=\u00bbdark\u00bb text_orientation=\u00bbleft\u00bb border_style=\u00bbsolid\u00bb]<\/p>\n<h1>Actividades paralelas<\/h1>\n<p><em>Por la paz y el derecho al refugio<\/em><\/p>\n<p>[\/et_pb_text][\/et_pb_column][\/et_pb_row][\/et_pb_section][et_pb_section bb_built=\u00bb1&#8243; admin_label=\u00bbSecci\u00f3n\u00bb fullwidth=\u00bboff\u00bb specialty=\u00bboff\u00bb _builder_version=\u00bb3.0.51&#8243; background_image=\u00bb\/wp-content\/uploads\/grava2-1.jpg\u00bb background_size=\u00bbinitial\u00bb background_repeat=\u00bbrepeat\u00bb][et_pb_row admin_label=\u00bbFila\u00bb background_position=\u00bbtop_left\u00bb background_repeat=\u00bbrepeat\u00bb background_size=\u00bbinitial\u00bb][et_pb_column type=\u00bb1_2&#8243;][et_pb_cta admin_label=\u00bbAli Ali\u00bb _builder_version=\u00bb3.0.51&#8243; button_url=\u00bb\/wp-content\/uploads\/CartelAliAliActividades.pdf\u00bb url_new_window=\u00bbon\u00bb use_background_color=\u00bbon\u00bb background_layout=\u00bblight\u00bb border_style=\u00bbsolid\u00bb custom_button=\u00bbon\u00bb button_border_radius=\u00bb0&#8243; button_letter_spacing=\u00bb0&#8243; button_icon_placement=\u00bbright\u00bb button_border_radius_hover=\u00bb0&#8243; button_letter_spacing_hover=\u00bb0&#8243; background_color=\u00bb#ffffff\u00bb button_text=\u00bbVer actividades\u00bb button_text_color=\u00bb#CD1619&#8243; button_bg_color=\u00bb#ffffff\u00bb button_icon_color=\u00bb#CD1619&#8243; custom_css_promo_description=\u00bbtext-align: left !important;\u00bb]<\/p>\n<h3>Al\u00ed Al\u00ed, eclipse sirio<\/h3>\n<p><a href=\"\/wp-content\/uploads\/CartelAliAliActividades.pdf\" target=\"_blank\" rel=\"noopener\"><img loading=\"lazy\" decoding=\"async\" class=\"alignnone size-full wp-image-36076\" src=\"\/wp-content\/uploads\/actividadesAliAli.jpg\" alt=\"\" width=\"960\" height=\"387\" srcset=\"https:\/\/coruna2017.redeacampa.org\/wp-content\/uploads\/actividadesAliAli.jpg 960w, https:\/\/coruna2017.redeacampa.org\/wp-content\/uploads\/actividadesAliAli-300x121.jpg 300w, https:\/\/coruna2017.redeacampa.org\/wp-content\/uploads\/actividadesAliAli-768x310.jpg 768w\" sizes=\"(max-width: 960px) 100vw, 960px\" \/><\/a><\/p>\n<blockquote>\n<div>\n<div>\n<div>\n<div id=\"m_-78515021071882962m_5464648067468947004yui_3_16_0_1_1497287248615_20290\">En esta muestra trato de dar voz a mis compatriotas sirios, una exposici\u00f3n muy especial para mi por todo el sufrimiento que representa y que est\u00e1 sufriendo mi pueblo y mi familia.<\/div>\n<\/div>\n<\/div>\n<\/div>\n<\/blockquote>\n<div>\n<div>\n<div>\n<div><em>Sala municipal de exposici\u00f3ns de PALEXCO.<\/em><\/div>\n<\/div>\n<\/div>\n<\/div>\n<p>[\/et_pb_cta][et_pb_text admin_label=\u00bbTeatro Totem\u00bb _builder_version=\u00bb3.0.51&#8243; background_color=\u00bb#ffffff\u00bb background_layout=\u00bblight\u00bb text_orientation=\u00bbleft\u00bb border_style=\u00bbsolid\u00bb custom_css_main_element=\u00bbpadding: 40px;\u00bb]<\/p>\n<h3>Teatro Totem<\/h3>\n<p><strong>Tienda identificada como Grupo de Teatro T\u00f3tem.<\/strong><\/p>\n<p><strong>s\u00e1bado:<\/strong><\/p>\n<ul>\n<li>22:30 \u00a0Vigilia \u00a0&#8211; \u00a0Coloquio con Fadill, una compa\u00f1era Siria, que nos hablar\u00e1 sobre su experiencia en el conflicto y como refugiada.<\/li>\n<\/ul>\n<p>[\/et_pb_text][\/et_pb_column][et_pb_column type=\u00bb1_2&#8243;][et_pb_cta admin_label=\u00bbBiblioteca Dur\u00e1n Loriga\u00bb _builder_version=\u00bb3.0.51&#8243; button_url=\u00bb\/wp-content\/uploads\/Gu\u00eda_biblioteca_en-PDf.pdf\u00bb url_new_window=\u00bbon\u00bb use_background_color=\u00bbon\u00bb background_layout=\u00bblight\u00bb border_style=\u00bbsolid\u00bb custom_button=\u00bbon\u00bb button_border_radius=\u00bb0&#8243; button_letter_spacing=\u00bb0&#8243; button_icon_placement=\u00bbright\u00bb button_border_radius_hover=\u00bb0&#8243; button_letter_spacing_hover=\u00bb0&#8243; background_color=\u00bb#ffffff\u00bb button_text=\u00bbVer gu\u00eda (PDF)\u00bb button_text_color=\u00bb#CD1619&#8243; button_bg_color=\u00bb#ffffff\u00bb button_icon_color=\u00bb#CD1619&#8243; custom_css_promo_description=\u00bbtext-align: left !important;\u00bb]<\/p>\n<h3>Muestra bibliogr\u00e1fica<\/h3>\n<p><img decoding=\"async\" class=\"alignnone size-full wp-image-36105\" src=\"\/wp-content\/uploads\/Portada_biblioteca-1.jpg\" alt=\"\" width=\"100%\" srcset=\"https:\/\/coruna2017.redeacampa.org\/wp-content\/uploads\/Portada_biblioteca-1.jpg 740w, https:\/\/coruna2017.redeacampa.org\/wp-content\/uploads\/Portada_biblioteca-1-300x162.jpg 300w\" sizes=\"(max-width: 740px) 100vw, 740px\" \/><\/p>\n<p id=\"m_-78515021071882962m_5464648067468947004yui_3_16_0_1_1497287248615_20290\"><strong>Con motivo del D\u00eda Internacional del Refugiado el pr\u00f3ximo 20 de junio<\/strong>, y haci\u00e9ndonos eco de la iniciativa de la Asociaci\u00f3n ACAMPA por la paz y el derecho al refugio, la Biblioteca Infantil y Juvenil de Dur\u00e1n Loriga quiere colaborar por medio de una muestra bibliogr\u00e1fica de toda clase de documentos (libros infantiles, para adultos, c\u00f3mics, document\u00e1is, pel\u00edculas&#8230;) sobre el tema, y que estar\u00e1 expuesta en la misma durante los meses de junio y julio.<\/p>\n<blockquote><p>Porque nosotros somos Biblioteca en Acci\u00f3n, y queremos divulgar y visibilizar la realidad que viven millares de personas.<\/p><\/blockquote>\n<p>Diariamente recibimos informaciones de acontecimientos graves que nos impactan: guerras, hambre, esclavitud, paro, violencia, exclusi\u00f3n&#8230; y que provocan el \u00e9xodo de millones de personas. Ser humanos que huyen del dolor, el sufrimiento y la muerte, buscando refugio.<\/p>\n<p><em>Biblioteca Infantil y Juvenil de Dur\u00e1n Loriga.<\/em><\/p>\n<p>[\/et_pb_cta][\/et_pb_column][\/et_pb_row][\/et_pb_section]<\/p>\n","protected":false},"excerpt":{"rendered":"<p>Actividades paralelas Por la paz y el derecho al refugio Al\u00ed Al\u00ed, eclipse sirio En esta muestra trato de dar voz a mis compatriotas sirios, una exposici\u00f3n muy especial para mi por todo el sufrimiento que representa y que est\u00e1 sufriendo mi pueblo y mi familia. Sala municipal de exposici\u00f3ns de PALEXCO. Teatro Totem Tienda [&hellip;]<\/p>\n","protected":false},"author":2,"featured_media":0,"parent":0,"menu_order":0,"comment_status":"closed","ping_status":"closed","template":"","meta":{"_et_pb_use_builder":"on","_et_pb_old_content":"","_et_gb_content_width":"","inline_featured_image":false,"footnotes":""},"class_list":["post-36068","page","type-page","status-publish","hentry"],"yoast_head":"<!-- This site is optimized with the Yoast SEO plugin v25.9 - https:\/\/yoast.com\/wordpress\/plugins\/seo\/ -->\n<title>Actividades paralelas 2017 | Acampa 2017 - Pola paz e o dereito a refuxio<\/title>\n<meta name=\"robots\" content=\"index, follow, max-snippet:-1, max-image-preview:large, max-video-preview:-1\" \/>\n<link rel=\"canonical\" href=\"https:\/\/coruna2017.redeacampa.org\/es\/actividades-paralelas\/\" \/>\n<meta property=\"og:locale\" content=\"es_ES\" \/>\n<meta property=\"og:type\" content=\"article\" \/>\n<meta property=\"og:title\" content=\"Actividades paralelas 2017 | Acampa 2017 - Pola paz e o dereito a refuxio\" \/>\n<meta property=\"og:description\" content=\"Actividades paralelas Por la paz y el derecho al refugio Al\u00ed Al\u00ed, eclipse sirio En esta muestra trato de dar voz a mis compatriotas sirios, una exposici\u00f3n muy especial para mi por todo el sufrimiento que representa y que est\u00e1 sufriendo mi pueblo y mi familia. Sala municipal de exposici\u00f3ns de PALEXCO. Teatro Totem Tienda [&hellip;]\" \/>\n<meta property=\"og:url\" content=\"https:\/\/coruna2017.redeacampa.org\/es\/actividades-paralelas\/\" \/>\n<meta property=\"og:site_name\" content=\"Acampa 2017 - Pola paz e o dereito a refuxio\" \/>\n<meta property=\"article:modified_time\" content=\"2018-03-29T15:04:09+00:00\" \/>\n<meta property=\"og:image\" content=\"https:\/\/coruna2017.redeacampa.org\/wp-content\/uploads\/actividadesAliAli.jpg\" \/>\n<meta name=\"twitter:card\" content=\"summary_large_image\" \/>\n<meta name=\"twitter:label1\" content=\"Tiempo de lectura\" \/>\n\t<meta name=\"twitter:data1\" content=\"3 minutos\" \/>\n<script type=\"application\/ld+json\" class=\"yoast-schema-graph\">{\"@context\":\"https:\/\/schema.org\",\"@graph\":[{\"@type\":\"WebPage\",\"@id\":\"https:\/\/coruna2017.redeacampa.org\/es\/actividades-paralelas\/\",\"url\":\"https:\/\/coruna2017.redeacampa.org\/es\/actividades-paralelas\/\",\"name\":\"Actividades paralelas 2017 | Acampa 2017 - Pola paz e o dereito a refuxio\",\"isPartOf\":{\"@id\":\"https:\/\/coruna2017.redeacampa.org\/es\/#website\"},\"datePublished\":\"2017-06-16T06:33:32+00:00\",\"dateModified\":\"2018-03-29T15:04:09+00:00\",\"breadcrumb\":{\"@id\":\"https:\/\/coruna2017.redeacampa.org\/es\/actividades-paralelas\/#breadcrumb\"},\"inLanguage\":\"es\",\"potentialAction\":[{\"@type\":\"ReadAction\",\"target\":[\"https:\/\/coruna2017.redeacampa.org\/es\/actividades-paralelas\/\"]}]},{\"@type\":\"BreadcrumbList\",\"@id\":\"https:\/\/coruna2017.redeacampa.org\/es\/actividades-paralelas\/#breadcrumb\",\"itemListElement\":[{\"@type\":\"ListItem\",\"position\":1,\"name\":\"Portada\",\"item\":\"https:\/\/coruna2017.redeacampa.org\/es\/\"},{\"@type\":\"ListItem\",\"position\":2,\"name\":\"Actividades paralelas 2017\"}]},{\"@type\":\"WebSite\",\"@id\":\"https:\/\/coruna2017.redeacampa.org\/es\/#website\",\"url\":\"https:\/\/coruna2017.redeacampa.org\/es\/\",\"name\":\"Acampa 2017 - Pola paz e o dereito a refuxio\",\"description\":\"Unha iniciativa cidad\u00e1 sen fins de lucro integrada por colectivos sociais, culturais, educativos, veci\u00f1ais, pol\u00edticos, sindicais, art\u00edsticos, de persoas solidarias, de instituci\u00f3ns e empresas con responsabilidade social que te\u00f1en como obxectivo a defensa dos dereitos humanos, o Dereito Internacional Humanitario e o Dereito a Refuxio.\",\"potentialAction\":[{\"@type\":\"SearchAction\",\"target\":{\"@type\":\"EntryPoint\",\"urlTemplate\":\"https:\/\/coruna2017.redeacampa.org\/es\/?s={search_term_string}\"},\"query-input\":{\"@type\":\"PropertyValueSpecification\",\"valueRequired\":true,\"valueName\":\"search_term_string\"}}],\"inLanguage\":\"es\"}]}<\/script>\n<!-- \/ Yoast SEO plugin. -->","yoast_head_json":{"title":"Actividades paralelas 2017 | Acampa 2017 - Pola paz e o dereito a refuxio","robots":{"index":"index","follow":"follow","max-snippet":"max-snippet:-1","max-image-preview":"max-image-preview:large","max-video-preview":"max-video-preview:-1"},"canonical":"https:\/\/coruna2017.redeacampa.org\/es\/actividades-paralelas\/","og_locale":"es_ES","og_type":"article","og_title":"Actividades paralelas 2017 | Acampa 2017 - Pola paz e o dereito a refuxio","og_description":"Actividades paralelas Por la paz y el derecho al refugio Al\u00ed Al\u00ed, eclipse sirio En esta muestra trato de dar voz a mis compatriotas sirios, una exposici\u00f3n muy especial para mi por todo el sufrimiento que representa y que est\u00e1 sufriendo mi pueblo y mi familia. Sala municipal de exposici\u00f3ns de PALEXCO. Teatro Totem Tienda [&hellip;]","og_url":"https:\/\/coruna2017.redeacampa.org\/es\/actividades-paralelas\/","og_site_name":"Acampa 2017 - Pola paz e o dereito a refuxio","article_modified_time":"2018-03-29T15:04:09+00:00","og_image":[{"url":"https:\/\/coruna2017.redeacampa.org\/wp-content\/uploads\/actividadesAliAli.jpg","type":"","width":"","height":""}],"twitter_card":"summary_large_image","twitter_misc":{"Tiempo de lectura":"3 minutos"},"schema":{"@context":"https:\/\/schema.org","@graph":[{"@type":"WebPage","@id":"https:\/\/coruna2017.redeacampa.org\/es\/actividades-paralelas\/","url":"https:\/\/coruna2017.redeacampa.org\/es\/actividades-paralelas\/","name":"Actividades paralelas 2017 | Acampa 2017 - Pola paz e o dereito a refuxio","isPartOf":{"@id":"https:\/\/coruna2017.redeacampa.org\/es\/#website"},"datePublished":"2017-06-16T06:33:32+00:00","dateModified":"2018-03-29T15:04:09+00:00","breadcrumb":{"@id":"https:\/\/coruna2017.redeacampa.org\/es\/actividades-paralelas\/#breadcrumb"},"inLanguage":"es","potentialAction":[{"@type":"ReadAction","target":["https:\/\/coruna2017.redeacampa.org\/es\/actividades-paralelas\/"]}]},{"@type":"BreadcrumbList","@id":"https:\/\/coruna2017.redeacampa.org\/es\/actividades-paralelas\/#breadcrumb","itemListElement":[{"@type":"ListItem","position":1,"name":"Portada","item":"https:\/\/coruna2017.redeacampa.org\/es\/"},{"@type":"ListItem","position":2,"name":"Actividades paralelas 2017"}]},{"@type":"WebSite","@id":"https:\/\/coruna2017.redeacampa.org\/es\/#website","url":"https:\/\/coruna2017.redeacampa.org\/es\/","name":"Acampa 2017 - Pola paz e o dereito a refuxio","description":"Unha iniciativa cidad\u00e1 sen fins de lucro integrada por colectivos sociais, culturais, educativos, veci\u00f1ais, pol\u00edticos, sindicais, art\u00edsticos, de persoas solidarias, de instituci\u00f3ns e empresas con responsabilidade social que te\u00f1en como obxectivo a defensa dos dereitos humanos, o Dereito Internacional Humanitario e o Dereito a Refuxio.","potentialAction":[{"@type":"SearchAction","target":{"@type":"EntryPoint","urlTemplate":"https:\/\/coruna2017.redeacampa.org\/es\/?s={search_term_string}"},"query-input":{"@type":"PropertyValueSpecification","valueRequired":true,"valueName":"search_term_string"}}],"inLanguage":"es"}]}},"_links":{"self":[{"href":"https:\/\/coruna2017.redeacampa.org\/es\/wp-json\/wp\/v2\/pages\/36068","targetHints":{"allow":["GET"]}}],"collection":[{"href":"https:\/\/coruna2017.redeacampa.org\/es\/wp-json\/wp\/v2\/pages"}],"about":[{"href":"https:\/\/coruna2017.redeacampa.org\/es\/wp-json\/wp\/v2\/types\/page"}],"author":[{"embeddable":true,"href":"https:\/\/coruna2017.redeacampa.org\/es\/wp-json\/wp\/v2\/users\/2"}],"replies":[{"embeddable":true,"href":"https:\/\/coruna2017.redeacampa.org\/es\/wp-json\/wp\/v2\/comments?post=36068"}],"version-history":[{"count":0,"href":"https:\/\/coruna2017.redeacampa.org\/es\/wp-json\/wp\/v2\/pages\/36068\/revisions"}],"wp:attachment":[{"href":"https:\/\/coruna2017.redeacampa.org\/es\/wp-json\/wp\/v2\/media?parent=36068"}],"curies":[{"name":"wp","href":"https:\/\/api.w.org\/{rel}","templated":true}]}}