{"id":36489,"date":"2017-06-30T16:22:48","date_gmt":"2017-06-30T14:22:48","guid":{"rendered":"http:\/\/2017.acampa.eu\/?page_id=36489\/"},"modified":"2018-02-08T10:15:39","modified_gmt":"2018-02-08T09:15:39","slug":"imagenes","status":"publish","type":"page","link":"https:\/\/coruna2017.redeacampa.org\/es\/imagenes\/","title":{"rendered":"Im\u00e1genes 2017"},"content":{"rendered":"<p>[et_pb_section bb_built=\u00bb1&#8243; admin_label=\u00bbsection\u00bb _builder_version=\u00bb3.0.51&#8243; background_color=\u00bb#CD1619&#8243; custom_padding=\u00bb30px||30px|\u00bb][et_pb_row admin_label=\u00bbrow\u00bb background_position=\u00bbtop_left\u00bb background_repeat=\u00bbrepeat\u00bb background_size=\u00bbinitial\u00bb][et_pb_column type=\u00bb4_4&#8243;][et_pb_text admin_label=\u00bbTexto\u00bb _builder_version=\u00bb3.0.51&#8243; background_layout=\u00bbdark\u00bb text_orientation=\u00bbleft\u00bb border_style=\u00bbsolid\u00bb]<\/p>\n<h1>Im\u00e1genes Acampa 2017<\/h1>\n<p>[\/et_pb_text][\/et_pb_column][\/et_pb_row][\/et_pb_section][et_pb_section bb_built=\u00bb1&#8243; admin_label=\u00bbSecci\u00f3n\u00bb fullwidth=\u00bboff\u00bb specialty=\u00bboff\u00bb _builder_version=\u00bb3.0.51&#8243; background_repeat=\u00bbrepeat\u00bb background_size=\u00bbinitial\u00bb background_color=\u00bb#222222&#8243;][et_pb_row admin_label=\u00bbFila\u00bb background_position=\u00bbtop_left\u00bb background_repeat=\u00bbrepeat\u00bb background_size=\u00bbinitial\u00bb][et_pb_column type=\u00bb4_4&#8243;][et_pb_gallery admin_label=\u00bbGaler\u00eda\u00bb _builder_version=\u00bb3.0.51&#8243; gallery_orderby=\u00bbrand\u00bb posts_number=\u00bb1000&#8243; show_title_and_caption=\u00bboff\u00bb show_pagination=\u00bboff\u00bb gallery_ids=\u00bb36486,36483,36480,36477,36474,36471,36468,36465,36462,36459,36456,36453,36450,36447,36444,36441,36438,36435,36432,36429,36426,36423,36420,36417,36414,36411,36408,36405,36402,36399,36396,36393,36390,36387,36384,36381,36378,36375,36372,36369,36366,36363,36360,36357,36354,36351,36348,36345,36342,36339,36336,36333,36330,36327,36324,36321,36318,36315,36312,36309,36306,36303,36300,36297,36294,36291,36288,36285,36282,36279,36276,36273,36270,36267,36264,36261,36258,36255,36252,36249,36246,36243,36240,36515&#8243; fullwidth=\u00bboff\u00bb orientation=\u00bblandscape\u00bb zoom_icon_color=\u00bb#CD1619&#8243; hover_overlay_color=\u00bbrgba(227,6,19,0.3)\u00bb background_layout=\u00bblight\u00bb border_style=\u00bbsolid\u00bb auto=\u00bboff\u00bb hover_icon=\u00bb%%204%%\u00bb \/][\/et_pb_column][\/et_pb_row][\/et_pb_section]<\/p>\n","protected":false},"excerpt":{"rendered":"<p>Im\u00e1genes Acampa 2017<\/p>\n","protected":false},"author":2,"featured_media":0,"parent":0,"menu_order":0,"comment_status":"closed","ping_status":"closed","template":"","meta":{"_et_pb_use_builder":"on","_et_pb_old_content":"","_et_gb_content_width":"","inline_featured_image":false,"footnotes":""},"class_list":["post-36489","page","type-page","status-publish","hentry"],"yoast_head":"<!-- This site is optimized with the Yoast SEO plugin v25.9 - https:\/\/yoast.com\/wordpress\/plugins\/seo\/ -->\n<title>Im\u00e1genes 2017 | Acampa 2017 - Pola paz e o dereito a refuxio<\/title>\n<meta name=\"robots\" content=\"index, follow, max-snippet:-1, max-image-preview:large, max-video-preview:-1\" \/>\n<link rel=\"canonical\" href=\"https:\/\/coruna2017.redeacampa.org\/es\/imagenes\/\" \/>\n<meta property=\"og:locale\" content=\"es_ES\" \/>\n<meta property=\"og:type\" content=\"article\" \/>\n<meta property=\"og:title\" content=\"Im\u00e1genes 2017 | Acampa 2017 - Pola paz e o dereito a refuxio\" \/>\n<meta property=\"og:description\" content=\"Im\u00e1genes Acampa 2017\" \/>\n<meta property=\"og:url\" content=\"https:\/\/coruna2017.redeacampa.org\/es\/imagenes\/\" \/>\n<meta property=\"og:site_name\" content=\"Acampa 2017 - Pola paz e o dereito a refuxio\" \/>\n<meta property=\"article:modified_time\" content=\"2018-02-08T09:15:39+00:00\" \/>\n<meta name=\"twitter:card\" content=\"summary_large_image\" \/>\n<meta name=\"twitter:label1\" content=\"Tiempo de lectura\" \/>\n\t<meta name=\"twitter:data1\" content=\"1 minuto\" \/>\n<script type=\"application\/ld+json\" class=\"yoast-schema-graph\">{\"@context\":\"https:\/\/schema.org\",\"@graph\":[{\"@type\":\"WebPage\",\"@id\":\"https:\/\/coruna2017.redeacampa.org\/es\/imagenes\/\",\"url\":\"https:\/\/coruna2017.redeacampa.org\/es\/imagenes\/\",\"name\":\"Im\u00e1genes 2017 | Acampa 2017 - Pola paz e o dereito a refuxio\",\"isPartOf\":{\"@id\":\"https:\/\/coruna2017.redeacampa.org\/es\/#website\"},\"datePublished\":\"2017-06-30T14:22:48+00:00\",\"dateModified\":\"2018-02-08T09:15:39+00:00\",\"breadcrumb\":{\"@id\":\"https:\/\/coruna2017.redeacampa.org\/es\/imagenes\/#breadcrumb\"},\"inLanguage\":\"es\",\"potentialAction\":[{\"@type\":\"ReadAction\",\"target\":[\"https:\/\/coruna2017.redeacampa.org\/es\/imagenes\/\"]}]},{\"@type\":\"BreadcrumbList\",\"@id\":\"https:\/\/coruna2017.redeacampa.org\/es\/imagenes\/#breadcrumb\",\"itemListElement\":[{\"@type\":\"ListItem\",\"position\":1,\"name\":\"Portada\",\"item\":\"https:\/\/coruna2017.redeacampa.org\/es\/\"},{\"@type\":\"ListItem\",\"position\":2,\"name\":\"Im\u00e1genes 2017\"}]},{\"@type\":\"WebSite\",\"@id\":\"https:\/\/coruna2017.redeacampa.org\/es\/#website\",\"url\":\"https:\/\/coruna2017.redeacampa.org\/es\/\",\"name\":\"Acampa 2017 - Pola paz e o dereito a refuxio\",\"description\":\"Unha iniciativa cidad\u00e1 sen fins de lucro integrada por colectivos sociais, culturais, educativos, veci\u00f1ais, pol\u00edticos, sindicais, art\u00edsticos, de persoas solidarias, de instituci\u00f3ns e empresas con responsabilidade social que te\u00f1en como obxectivo a defensa dos dereitos humanos, o Dereito Internacional Humanitario e o Dereito a Refuxio.\",\"potentialAction\":[{\"@type\":\"SearchAction\",\"target\":{\"@type\":\"EntryPoint\",\"urlTemplate\":\"https:\/\/coruna2017.redeacampa.org\/es\/?s={search_term_string}\"},\"query-input\":{\"@type\":\"PropertyValueSpecification\",\"valueRequired\":true,\"valueName\":\"search_term_string\"}}],\"inLanguage\":\"es\"}]}<\/script>\n<!-- \/ Yoast SEO plugin. -->","yoast_head_json":{"title":"Im\u00e1genes 2017 | Acampa 2017 - Pola paz e o dereito a refuxio","robots":{"index":"index","follow":"follow","max-snippet":"max-snippet:-1","max-image-preview":"max-image-preview:large","max-video-preview":"max-video-preview:-1"},"canonical":"https:\/\/coruna2017.redeacampa.org\/es\/imagenes\/","og_locale":"es_ES","og_type":"article","og_title":"Im\u00e1genes 2017 | Acampa 2017 - Pola paz e o dereito a refuxio","og_description":"Im\u00e1genes Acampa 2017","og_url":"https:\/\/coruna2017.redeacampa.org\/es\/imagenes\/","og_site_name":"Acampa 2017 - Pola paz e o dereito a refuxio","article_modified_time":"2018-02-08T09:15:39+00:00","twitter_card":"summary_large_image","twitter_misc":{"Tiempo de lectura":"1 minuto"},"schema":{"@context":"https:\/\/schema.org","@graph":[{"@type":"WebPage","@id":"https:\/\/coruna2017.redeacampa.org\/es\/imagenes\/","url":"https:\/\/coruna2017.redeacampa.org\/es\/imagenes\/","name":"Im\u00e1genes 2017 | Acampa 2017 - Pola paz e o dereito a refuxio","isPartOf":{"@id":"https:\/\/coruna2017.redeacampa.org\/es\/#website"},"datePublished":"2017-06-30T14:22:48+00:00","dateModified":"2018-02-08T09:15:39+00:00","breadcrumb":{"@id":"https:\/\/coruna2017.redeacampa.org\/es\/imagenes\/#breadcrumb"},"inLanguage":"es","potentialAction":[{"@type":"ReadAction","target":["https:\/\/coruna2017.redeacampa.org\/es\/imagenes\/"]}]},{"@type":"BreadcrumbList","@id":"https:\/\/coruna2017.redeacampa.org\/es\/imagenes\/#breadcrumb","itemListElement":[{"@type":"ListItem","position":1,"name":"Portada","item":"https:\/\/coruna2017.redeacampa.org\/es\/"},{"@type":"ListItem","position":2,"name":"Im\u00e1genes 2017"}]},{"@type":"WebSite","@id":"https:\/\/coruna2017.redeacampa.org\/es\/#website","url":"https:\/\/coruna2017.redeacampa.org\/es\/","name":"Acampa 2017 - Pola paz e o dereito a refuxio","description":"Unha iniciativa cidad\u00e1 sen fins de lucro integrada por colectivos sociais, culturais, educativos, veci\u00f1ais, pol\u00edticos, sindicais, art\u00edsticos, de persoas solidarias, de instituci\u00f3ns e empresas con responsabilidade social que te\u00f1en como obxectivo a defensa dos dereitos humanos, o Dereito Internacional Humanitario e o Dereito a Refuxio.","potentialAction":[{"@type":"SearchAction","target":{"@type":"EntryPoint","urlTemplate":"https:\/\/coruna2017.redeacampa.org\/es\/?s={search_term_string}"},"query-input":{"@type":"PropertyValueSpecification","valueRequired":true,"valueName":"search_term_string"}}],"inLanguage":"es"}]}},"_links":{"self":[{"href":"https:\/\/coruna2017.redeacampa.org\/es\/wp-json\/wp\/v2\/pages\/36489","targetHints":{"allow":["GET"]}}],"collection":[{"href":"https:\/\/coruna2017.redeacampa.org\/es\/wp-json\/wp\/v2\/pages"}],"about":[{"href":"https:\/\/coruna2017.redeacampa.org\/es\/wp-json\/wp\/v2\/types\/page"}],"author":[{"embeddable":true,"href":"https:\/\/coruna2017.redeacampa.org\/es\/wp-json\/wp\/v2\/users\/2"}],"replies":[{"embeddable":true,"href":"https:\/\/coruna2017.redeacampa.org\/es\/wp-json\/wp\/v2\/comments?post=36489"}],"version-history":[{"count":0,"href":"https:\/\/coruna2017.redeacampa.org\/es\/wp-json\/wp\/v2\/pages\/36489\/revisions"}],"wp:attachment":[{"href":"https:\/\/coruna2017.redeacampa.org\/es\/wp-json\/wp\/v2\/media?parent=36489"}],"curies":[{"name":"wp","href":"https:\/\/api.w.org\/{rel}","templated":true}]}}