{"id":36119,"date":"2017-06-16T08:33:32","date_gmt":"2017-06-16T06:33:32","guid":{"rendered":"http:\/\/2017.acampa.eu\/actividades-paralelas\/"},"modified":"2018-03-29T17:04:55","modified_gmt":"2018-03-29T15:04:55","slug":"actividades-paralelas","status":"publish","type":"page","link":"https:\/\/coruna2017.redeacampa.org\/gl\/actividades-paralelas\/","title":{"rendered":"Actividades paralelas 2017"},"content":{"rendered":"<p>[et_pb_section bb_built=&#8221;1&#8243; admin_label=&#8221;section&#8221; _builder_version=&#8221;3.0.51&#8243; background_color=&#8221;#CD1619&#8243; custom_padding=&#8221;20px||20px|&#8221;][et_pb_row admin_label=&#8221;row&#8221; background_position=&#8221;top_left&#8221; background_repeat=&#8221;repeat&#8221; background_size=&#8221;initial&#8221; _builder_version=&#8221;3.0.51&#8243; background_position_1=&#8221;top_left&#8221; background_repeat_1=&#8221;no-repeat&#8221;][et_pb_column type=&#8221;4_4&#8243;][et_pb_text admin_label=&#8221;Texto&#8221; _builder_version=&#8221;3.0.51&#8243; background_layout=&#8221;dark&#8221; text_orientation=&#8221;left&#8221; border_style=&#8221;solid&#8221;]<\/p>\n<h1>Actividades paralelas<\/h1>\n<p><em>Pola paz e o dereito ao refuxio<\/em><\/p>\n<p>[\/et_pb_text][\/et_pb_column][\/et_pb_row][\/et_pb_section][et_pb_section bb_built=&#8221;1&#8243; admin_label=&#8221;Secci\u00f3n&#8221; fullwidth=&#8221;off&#8221; specialty=&#8221;off&#8221; _builder_version=&#8221;3.0.51&#8243; background_image=&#8221;\/wp-content\/uploads\/grava2-1.jpg&#8221; background_size=&#8221;initial&#8221; background_repeat=&#8221;repeat&#8221;][et_pb_row admin_label=&#8221;Fila&#8221; background_position=&#8221;top_left&#8221; background_repeat=&#8221;repeat&#8221; background_size=&#8221;initial&#8221;][et_pb_column type=&#8221;1_2&#8243;][et_pb_cta admin_label=&#8221;Ali Ali&#8221; _builder_version=&#8221;3.0.51&#8243; button_url=&#8221;\/wp-content\/uploads\/CartelAliAliActividades.pdf&#8221; url_new_window=&#8221;on&#8221; use_background_color=&#8221;on&#8221; background_layout=&#8221;light&#8221; border_style=&#8221;solid&#8221; custom_button=&#8221;on&#8221; button_border_radius=&#8221;0&#8243; button_letter_spacing=&#8221;0&#8243; button_icon_placement=&#8221;right&#8221; button_border_radius_hover=&#8221;0&#8243; button_letter_spacing_hover=&#8221;0&#8243; background_color=&#8221;#ffffff&#8221; button_text=&#8221;Ver actividades&#8221; button_text_color=&#8221;#CD1619&#8243; button_bg_color=&#8221;#ffffff&#8221; button_icon_color=&#8221;#CD1619&#8243; custom_css_promo_description=&#8221;text-align: left !important;&#8221;]<\/p>\n<h3>Al\u00ed Al\u00ed, eclipse sirio<\/h3>\n<p><a href=\"\/wp-content\/uploads\/CartelAliAliActividades.pdf\" target=\"_blank\" rel=\"noopener\"><img loading=\"lazy\" decoding=\"async\" class=\"alignnone size-full wp-image-36076\" src=\"\/wp-content\/uploads\/actividadesAliAli.jpg\" alt=\"\" width=\"960\" height=\"387\" srcset=\"https:\/\/coruna2017.redeacampa.org\/wp-content\/uploads\/actividadesAliAli.jpg 960w, https:\/\/coruna2017.redeacampa.org\/wp-content\/uploads\/actividadesAliAli-300x121.jpg 300w, https:\/\/coruna2017.redeacampa.org\/wp-content\/uploads\/actividadesAliAli-768x310.jpg 768w\" sizes=\"(max-width: 960px) 100vw, 960px\" \/><\/a><\/p>\n<blockquote>\n<div>\n<div>\n<div>\n<div id=\"m_-78515021071882962m_5464648067468947004yui_3_16_0_1_1497287248615_20290\">Nesta mostra trato de dar voz aos meus compatriotas sirios, unha exposici\u00f3n moi especial para min por todo o sufrimento que representa e que est\u00e1 sufrindo o meu pobo e a mi\u00f1a familia.<\/div>\n<\/div>\n<\/div>\n<\/div>\n<\/blockquote>\n<div>\n<div>\n<div>\n<div><em>Sala municipal de exposici\u00f3ns de PALEXCO.<\/em><\/div>\n<\/div>\n<\/div>\n<\/div>\n<p>[\/et_pb_cta][et_pb_text admin_label=&#8221;Teatro Totem&#8221; _builder_version=&#8221;3.0.51&#8243; background_color=&#8221;#ffffff&#8221; background_layout=&#8221;light&#8221; text_orientation=&#8221;left&#8221; border_style=&#8221;solid&#8221; custom_css_main_element=&#8221;padding: 40px;&#8221;]<\/p>\n<h3>Teatro Totem<\/h3>\n<p><strong>Tenda identificada como Grupo de Teatro T\u00f3tem.<\/strong><\/p>\n<p><strong>s\u00e1bado:<\/strong><\/p>\n<ul>\n<li>22:30 Vixilia\u00a0&#8211; Coloquio con Fadill, unha compa\u00f1eira Siria, que nos falar\u00e1 sobre a s\u00faa experiencia no conflicto e como refuxiada.<\/li>\n<\/ul>\n<p>[\/et_pb_text][\/et_pb_column][et_pb_column type=&#8221;1_2&#8243;][et_pb_cta admin_label=&#8221;Biblioteca Dur\u00e1n Loriga&#8221; _builder_version=&#8221;3.0.51&#8243; button_url=&#8221;\/wp-content\/uploads\/Gu\u00eda_biblioteca_en-PDf.pdf&#8221; url_new_window=&#8221;on&#8221; use_background_color=&#8221;on&#8221; background_layout=&#8221;light&#8221; border_style=&#8221;solid&#8221; custom_button=&#8221;on&#8221; button_border_radius=&#8221;0&#8243; button_letter_spacing=&#8221;0&#8243; button_icon_placement=&#8221;right&#8221; button_border_radius_hover=&#8221;0&#8243; button_letter_spacing_hover=&#8221;0&#8243; background_color=&#8221;#ffffff&#8221; button_text=&#8221;Ver gu\u00eda (PDF)&#8221; button_text_color=&#8221;#CD1619&#8243; button_bg_color=&#8221;#ffffff&#8221; button_icon_color=&#8221;#CD1619&#8243; custom_css_promo_description=&#8221;text-align: left !important;&#8221;]<\/p>\n<h3>Mostra bibliogr\u00e1fica<\/h3>\n<p><img decoding=\"async\" class=\"alignnone size-full wp-image-36105\" src=\"\/wp-content\/uploads\/Portada_biblioteca-1.jpg\" alt=\"\" width=\"100%\" srcset=\"https:\/\/coruna2017.redeacampa.org\/wp-content\/uploads\/Portada_biblioteca-1.jpg 740w, https:\/\/coruna2017.redeacampa.org\/wp-content\/uploads\/Portada_biblioteca-1-300x162.jpg 300w\" sizes=\"(max-width: 740px) 100vw, 740px\" \/><\/p>\n<p id=\"m_-78515021071882962m_5464648067468947004yui_3_16_0_1_1497287248615_20290\"><strong>Con motivo do D\u00eda Internacional do Refuxiado o vindeiro 20 de xu\u00f1o<\/strong>, e fac\u00e9ndonos eco da iniciativa da Asociaci\u00f3n ACAMPA pola paz e o dereito ao refuxio, a Biblioteca Infantil e Xuvenil de Dur\u00e1n Loriga quere colaborar por medio dunha mostra bibliogr\u00e1fica de toda clase de documentos (libros infant\u00eds, para adultos, comics, document\u00e1is, pel\u00edculas&#8230;) sobre o tema, e que estar\u00e1 exposta na mesma durante os meses de xu\u00f1o e xullo<\/p>\n<blockquote><p>Porque n\u00f3s somos Biblioteca en Acci\u00f3n, e queremos divulgar e visibilizar a realidade que viven milleiros de persoas.<\/p><\/blockquote>\n<p>A cot\u00edo recibimos informaci\u00f3ns de acontecementos graves que nos impactan: guerras, fame, escravitude, paro, violencia, exclusi\u00f3n&#8230; e que provocan o \u00e9xodo de mill\u00f3ns de persoas. Seres humanos que foxen da dor, o sufrimento e a morte, buscando refuxio.<\/p>\n<p><em>Biblioteca Infantil e xuvenil de Dur\u00e1n Loriga.<\/em><\/p>\n<p>[\/et_pb_cta][\/et_pb_column][\/et_pb_row][\/et_pb_section]<\/p>\n","protected":false},"excerpt":{"rendered":"<p>Actividades paralelas Pola paz e o dereito ao refuxio Al\u00ed Al\u00ed, eclipse sirio Nesta mostra trato de dar voz aos meus compatriotas sirios, unha exposici\u00f3n moi especial para min por todo o sufrimento que representa e que est\u00e1 sufrindo o meu pobo e a mi\u00f1a familia. Sala municipal de exposici\u00f3ns de PALEXCO. Teatro Totem Tenda [&hellip;]<\/p>\n","protected":false},"author":2,"featured_media":0,"parent":0,"menu_order":0,"comment_status":"closed","ping_status":"closed","template":"","meta":{"_et_pb_use_builder":"on","_et_pb_old_content":"","_et_gb_content_width":"","inline_featured_image":false,"footnotes":""},"class_list":["post-36119","page","type-page","status-publish","hentry"],"yoast_head":"<!-- This site is optimized with the Yoast SEO plugin v25.9 - https:\/\/yoast.com\/wordpress\/plugins\/seo\/ -->\n<title>Actividades paralelas 2017 | Acampa 2017 - Pola paz e o dereito a refuxio<\/title>\n<meta name=\"robots\" content=\"index, follow, max-snippet:-1, max-image-preview:large, max-video-preview:-1\" \/>\n<link rel=\"canonical\" href=\"https:\/\/coruna2017.redeacampa.org\/gl\/actividades-paralelas\/\" \/>\n<meta property=\"og:locale\" content=\"gl_ES\" \/>\n<meta property=\"og:type\" content=\"article\" \/>\n<meta property=\"og:title\" content=\"Actividades paralelas 2017 | Acampa 2017 - Pola paz e o dereito a refuxio\" \/>\n<meta property=\"og:description\" content=\"Actividades paralelas Pola paz e o dereito ao refuxio Al\u00ed Al\u00ed, eclipse sirio Nesta mostra trato de dar voz aos meus compatriotas sirios, unha exposici\u00f3n moi especial para min por todo o sufrimento que representa e que est\u00e1 sufrindo o meu pobo e a mi\u00f1a familia. Sala municipal de exposici\u00f3ns de PALEXCO. Teatro Totem Tenda [&hellip;]\" \/>\n<meta property=\"og:url\" content=\"https:\/\/coruna2017.redeacampa.org\/gl\/actividades-paralelas\/\" \/>\n<meta property=\"og:site_name\" content=\"Acampa 2017 - Pola paz e o dereito a refuxio\" \/>\n<meta property=\"article:modified_time\" content=\"2018-03-29T15:04:55+00:00\" \/>\n<meta property=\"og:image\" content=\"https:\/\/coruna2017.redeacampa.org\/wp-content\/uploads\/actividadesAliAli.jpg\" \/>\n<meta name=\"twitter:card\" content=\"summary_large_image\" \/>\n<meta name=\"twitter:label1\" content=\"Tempo de lectura\" \/>\n\t<meta name=\"twitter:data1\" content=\"3 minutos\" \/>\n<script type=\"application\/ld+json\" class=\"yoast-schema-graph\">{\"@context\":\"https:\/\/schema.org\",\"@graph\":[{\"@type\":\"WebPage\",\"@id\":\"https:\/\/coruna2017.redeacampa.org\/gl\/actividades-paralelas\/\",\"url\":\"https:\/\/coruna2017.redeacampa.org\/gl\/actividades-paralelas\/\",\"name\":\"Actividades paralelas 2017 | Acampa 2017 - Pola paz e o dereito a refuxio\",\"isPartOf\":{\"@id\":\"https:\/\/coruna2017.redeacampa.org\/gl\/#website\"},\"datePublished\":\"2017-06-16T06:33:32+00:00\",\"dateModified\":\"2018-03-29T15:04:55+00:00\",\"breadcrumb\":{\"@id\":\"https:\/\/coruna2017.redeacampa.org\/gl\/actividades-paralelas\/#breadcrumb\"},\"inLanguage\":\"gl-ES\",\"potentialAction\":[{\"@type\":\"ReadAction\",\"target\":[\"https:\/\/coruna2017.redeacampa.org\/gl\/actividades-paralelas\/\"]}]},{\"@type\":\"BreadcrumbList\",\"@id\":\"https:\/\/coruna2017.redeacampa.org\/gl\/actividades-paralelas\/#breadcrumb\",\"itemListElement\":[{\"@type\":\"ListItem\",\"position\":1,\"name\":\"Portada\",\"item\":\"https:\/\/coruna2017.redeacampa.org\/gl\/\"},{\"@type\":\"ListItem\",\"position\":2,\"name\":\"Actividades paralelas 2017\"}]},{\"@type\":\"WebSite\",\"@id\":\"https:\/\/coruna2017.redeacampa.org\/gl\/#website\",\"url\":\"https:\/\/coruna2017.redeacampa.org\/gl\/\",\"name\":\"Acampa 2017 - Pola paz e o dereito a refuxio\",\"description\":\"Unha iniciativa cidad\u00e1 sen fins de lucro integrada por colectivos sociais, culturais, educativos, veci\u00f1ais, pol\u00edticos, sindicais, art\u00edsticos, de persoas solidarias, de instituci\u00f3ns e empresas con responsabilidade social que te\u00f1en como obxectivo a defensa dos dereitos humanos, o Dereito Internacional Humanitario e o Dereito a Refuxio.\",\"potentialAction\":[{\"@type\":\"SearchAction\",\"target\":{\"@type\":\"EntryPoint\",\"urlTemplate\":\"https:\/\/coruna2017.redeacampa.org\/gl\/?s={search_term_string}\"},\"query-input\":{\"@type\":\"PropertyValueSpecification\",\"valueRequired\":true,\"valueName\":\"search_term_string\"}}],\"inLanguage\":\"gl-ES\"}]}<\/script>\n<!-- \/ Yoast SEO plugin. -->","yoast_head_json":{"title":"Actividades paralelas 2017 | Acampa 2017 - Pola paz e o dereito a refuxio","robots":{"index":"index","follow":"follow","max-snippet":"max-snippet:-1","max-image-preview":"max-image-preview:large","max-video-preview":"max-video-preview:-1"},"canonical":"https:\/\/coruna2017.redeacampa.org\/gl\/actividades-paralelas\/","og_locale":"gl_ES","og_type":"article","og_title":"Actividades paralelas 2017 | Acampa 2017 - Pola paz e o dereito a refuxio","og_description":"Actividades paralelas Pola paz e o dereito ao refuxio Al\u00ed Al\u00ed, eclipse sirio Nesta mostra trato de dar voz aos meus compatriotas sirios, unha exposici\u00f3n moi especial para min por todo o sufrimento que representa e que est\u00e1 sufrindo o meu pobo e a mi\u00f1a familia. Sala municipal de exposici\u00f3ns de PALEXCO. Teatro Totem Tenda [&hellip;]","og_url":"https:\/\/coruna2017.redeacampa.org\/gl\/actividades-paralelas\/","og_site_name":"Acampa 2017 - Pola paz e o dereito a refuxio","article_modified_time":"2018-03-29T15:04:55+00:00","og_image":[{"url":"https:\/\/coruna2017.redeacampa.org\/wp-content\/uploads\/actividadesAliAli.jpg","type":"","width":"","height":""}],"twitter_card":"summary_large_image","twitter_misc":{"Tempo de lectura":"3 minutos"},"schema":{"@context":"https:\/\/schema.org","@graph":[{"@type":"WebPage","@id":"https:\/\/coruna2017.redeacampa.org\/gl\/actividades-paralelas\/","url":"https:\/\/coruna2017.redeacampa.org\/gl\/actividades-paralelas\/","name":"Actividades paralelas 2017 | Acampa 2017 - Pola paz e o dereito a refuxio","isPartOf":{"@id":"https:\/\/coruna2017.redeacampa.org\/gl\/#website"},"datePublished":"2017-06-16T06:33:32+00:00","dateModified":"2018-03-29T15:04:55+00:00","breadcrumb":{"@id":"https:\/\/coruna2017.redeacampa.org\/gl\/actividades-paralelas\/#breadcrumb"},"inLanguage":"gl-ES","potentialAction":[{"@type":"ReadAction","target":["https:\/\/coruna2017.redeacampa.org\/gl\/actividades-paralelas\/"]}]},{"@type":"BreadcrumbList","@id":"https:\/\/coruna2017.redeacampa.org\/gl\/actividades-paralelas\/#breadcrumb","itemListElement":[{"@type":"ListItem","position":1,"name":"Portada","item":"https:\/\/coruna2017.redeacampa.org\/gl\/"},{"@type":"ListItem","position":2,"name":"Actividades paralelas 2017"}]},{"@type":"WebSite","@id":"https:\/\/coruna2017.redeacampa.org\/gl\/#website","url":"https:\/\/coruna2017.redeacampa.org\/gl\/","name":"Acampa 2017 - Pola paz e o dereito a refuxio","description":"Unha iniciativa cidad\u00e1 sen fins de lucro integrada por colectivos sociais, culturais, educativos, veci\u00f1ais, pol\u00edticos, sindicais, art\u00edsticos, de persoas solidarias, de instituci\u00f3ns e empresas con responsabilidade social que te\u00f1en como obxectivo a defensa dos dereitos humanos, o Dereito Internacional Humanitario e o Dereito a Refuxio.","potentialAction":[{"@type":"SearchAction","target":{"@type":"EntryPoint","urlTemplate":"https:\/\/coruna2017.redeacampa.org\/gl\/?s={search_term_string}"},"query-input":{"@type":"PropertyValueSpecification","valueRequired":true,"valueName":"search_term_string"}}],"inLanguage":"gl-ES"}]}},"_links":{"self":[{"href":"https:\/\/coruna2017.redeacampa.org\/gl\/wp-json\/wp\/v2\/pages\/36119","targetHints":{"allow":["GET"]}}],"collection":[{"href":"https:\/\/coruna2017.redeacampa.org\/gl\/wp-json\/wp\/v2\/pages"}],"about":[{"href":"https:\/\/coruna2017.redeacampa.org\/gl\/wp-json\/wp\/v2\/types\/page"}],"author":[{"embeddable":true,"href":"https:\/\/coruna2017.redeacampa.org\/gl\/wp-json\/wp\/v2\/users\/2"}],"replies":[{"embeddable":true,"href":"https:\/\/coruna2017.redeacampa.org\/gl\/wp-json\/wp\/v2\/comments?post=36119"}],"version-history":[{"count":0,"href":"https:\/\/coruna2017.redeacampa.org\/gl\/wp-json\/wp\/v2\/pages\/36119\/revisions"}],"wp:attachment":[{"href":"https:\/\/coruna2017.redeacampa.org\/gl\/wp-json\/wp\/v2\/media?parent=36119"}],"curies":[{"name":"wp","href":"https:\/\/api.w.org\/{rel}","templated":true}]}}