{"id":36507,"date":"2017-06-30T16:22:48","date_gmt":"2017-06-30T14:22:48","guid":{"rendered":"http:\/\/2017.acampa.eu\/imagenes\/"},"modified":"2019-01-08T01:09:54","modified_gmt":"2019-01-08T00:09:54","slug":"imaxes-2017","status":"publish","type":"page","link":"https:\/\/coruna2017.redeacampa.org\/gl\/imaxes-2017\/","title":{"rendered":"Imaxes 2017"},"content":{"rendered":"<p>[et_pb_section bb_built=&#8221;1&#8243; admin_label=&#8221;section&#8221; _builder_version=&#8221;3.0.51&#8243; background_color=&#8221;#CD1619&#8243; custom_padding=&#8221;30px||30px|&#8221;][et_pb_row admin_label=&#8221;row&#8221; background_position=&#8221;top_left&#8221; background_repeat=&#8221;repeat&#8221; background_size=&#8221;initial&#8221;][et_pb_column type=&#8221;4_4&#8243;][et_pb_text admin_label=&#8221;Texto&#8221; _builder_version=&#8221;3.0.51&#8243; background_layout=&#8221;dark&#8221; text_orientation=&#8221;left&#8221; border_style=&#8221;solid&#8221;]<\/p>\n<h1>Im\u00e1genes Acampa 2017<\/h1>\n<p>[\/et_pb_text][\/et_pb_column][\/et_pb_row][\/et_pb_section][et_pb_section bb_built=&#8221;1&#8243; admin_label=&#8221;Secci\u00f3n&#8221; fullwidth=&#8221;off&#8221; specialty=&#8221;off&#8221; _builder_version=&#8221;3.0.51&#8243; background_repeat=&#8221;repeat&#8221; background_size=&#8221;initial&#8221; background_color=&#8221;#222222&#8243;][et_pb_row admin_label=&#8221;Fila&#8221; background_position=&#8221;top_left&#8221; background_repeat=&#8221;repeat&#8221; background_size=&#8221;initial&#8221;][et_pb_column type=&#8221;4_4&#8243;][et_pb_gallery admin_label=&#8221;Galer\u00eda&#8221; _builder_version=&#8221;3.0.51&#8243; gallery_orderby=&#8221;rand&#8221; posts_number=&#8221;1000&#8243; show_title_and_caption=&#8221;off&#8221; show_pagination=&#8221;off&#8221; gallery_ids=&#8221;36488,36485,36482,36479,36476,36473,36470,36467,36464,36461,36458,36455,36452,36449,36446,36443,36440,36437,36434,36431,36428,36425,36422,36419,36416,36413,36410,36407,36404,36401,36398,36395,36392,36389,36386,36383,36380,36377,36374,36371,36368,36365,36362,36359,36356,36353,36350,36347,36344,36341,36338,36335,36332,36329,36326,36323,36320,36317,36314,36311,36308,36305,36302,36299,36296,36293,36290,36287,36284,36281,36278,36275,36272,36269,36266,36263,36260,36257,36254,36251,36248,36245,36242,36517&#8243; fullwidth=&#8221;off&#8221; orientation=&#8221;landscape&#8221; zoom_icon_color=&#8221;#CD1619&#8243; hover_overlay_color=&#8221;rgba(227,6,19,0.3)&#8221; background_layout=&#8221;light&#8221; border_style=&#8221;solid&#8221; auto=&#8221;off&#8221; hover_icon=&#8221;%%204%%&#8221; \/][\/et_pb_column][\/et_pb_row][\/et_pb_section]<\/p>\n","protected":false},"excerpt":{"rendered":"<p>Im\u00e1genes Acampa 2017<\/p>\n","protected":false},"author":2,"featured_media":0,"parent":0,"menu_order":0,"comment_status":"closed","ping_status":"closed","template":"","meta":{"_et_pb_use_builder":"on","_et_pb_old_content":"","_et_gb_content_width":"","inline_featured_image":false,"footnotes":""},"class_list":["post-36507","page","type-page","status-publish","hentry"],"yoast_head":"<!-- This site is optimized with the Yoast SEO plugin v25.9 - https:\/\/yoast.com\/wordpress\/plugins\/seo\/ -->\n<title>Imaxes 2017 | Acampa 2017 - Pola paz e o dereito a refuxio<\/title>\n<meta name=\"robots\" content=\"index, follow, max-snippet:-1, max-image-preview:large, max-video-preview:-1\" \/>\n<link rel=\"canonical\" href=\"https:\/\/coruna2017.redeacampa.org\/gl\/imaxes-2017\/\" \/>\n<meta property=\"og:locale\" content=\"gl_ES\" \/>\n<meta property=\"og:type\" content=\"article\" \/>\n<meta property=\"og:title\" content=\"Imaxes 2017 | Acampa 2017 - Pola paz e o dereito a refuxio\" \/>\n<meta property=\"og:description\" content=\"Im\u00e1genes Acampa 2017\" \/>\n<meta property=\"og:url\" content=\"https:\/\/coruna2017.redeacampa.org\/gl\/imaxes-2017\/\" \/>\n<meta property=\"og:site_name\" content=\"Acampa 2017 - Pola paz e o dereito a refuxio\" \/>\n<meta property=\"article:modified_time\" content=\"2019-01-08T00:09:54+00:00\" \/>\n<meta name=\"twitter:card\" content=\"summary_large_image\" \/>\n<meta name=\"twitter:label1\" content=\"Tempo de lectura\" \/>\n\t<meta name=\"twitter:data1\" content=\"1 minuto\" \/>\n<script type=\"application\/ld+json\" class=\"yoast-schema-graph\">{\"@context\":\"https:\/\/schema.org\",\"@graph\":[{\"@type\":\"WebPage\",\"@id\":\"https:\/\/coruna2017.redeacampa.org\/gl\/imaxes-2017\/\",\"url\":\"https:\/\/coruna2017.redeacampa.org\/gl\/imaxes-2017\/\",\"name\":\"Imaxes 2017 | Acampa 2017 - Pola paz e o dereito a refuxio\",\"isPartOf\":{\"@id\":\"https:\/\/coruna2017.redeacampa.org\/gl\/#website\"},\"datePublished\":\"2017-06-30T14:22:48+00:00\",\"dateModified\":\"2019-01-08T00:09:54+00:00\",\"breadcrumb\":{\"@id\":\"https:\/\/coruna2017.redeacampa.org\/gl\/imaxes-2017\/#breadcrumb\"},\"inLanguage\":\"gl-ES\",\"potentialAction\":[{\"@type\":\"ReadAction\",\"target\":[\"https:\/\/coruna2017.redeacampa.org\/gl\/imaxes-2017\/\"]}]},{\"@type\":\"BreadcrumbList\",\"@id\":\"https:\/\/coruna2017.redeacampa.org\/gl\/imaxes-2017\/#breadcrumb\",\"itemListElement\":[{\"@type\":\"ListItem\",\"position\":1,\"name\":\"Portada\",\"item\":\"https:\/\/coruna2017.redeacampa.org\/gl\/\"},{\"@type\":\"ListItem\",\"position\":2,\"name\":\"Imaxes 2017\"}]},{\"@type\":\"WebSite\",\"@id\":\"https:\/\/coruna2017.redeacampa.org\/gl\/#website\",\"url\":\"https:\/\/coruna2017.redeacampa.org\/gl\/\",\"name\":\"Acampa 2017 - Pola paz e o dereito a refuxio\",\"description\":\"Unha iniciativa cidad\u00e1 sen fins de lucro integrada por colectivos sociais, culturais, educativos, veci\u00f1ais, pol\u00edticos, sindicais, art\u00edsticos, de persoas solidarias, de instituci\u00f3ns e empresas con responsabilidade social que te\u00f1en como obxectivo a defensa dos dereitos humanos, o Dereito Internacional Humanitario e o Dereito a Refuxio.\",\"potentialAction\":[{\"@type\":\"SearchAction\",\"target\":{\"@type\":\"EntryPoint\",\"urlTemplate\":\"https:\/\/coruna2017.redeacampa.org\/gl\/?s={search_term_string}\"},\"query-input\":{\"@type\":\"PropertyValueSpecification\",\"valueRequired\":true,\"valueName\":\"search_term_string\"}}],\"inLanguage\":\"gl-ES\"}]}<\/script>\n<!-- \/ Yoast SEO plugin. -->","yoast_head_json":{"title":"Imaxes 2017 | Acampa 2017 - Pola paz e o dereito a refuxio","robots":{"index":"index","follow":"follow","max-snippet":"max-snippet:-1","max-image-preview":"max-image-preview:large","max-video-preview":"max-video-preview:-1"},"canonical":"https:\/\/coruna2017.redeacampa.org\/gl\/imaxes-2017\/","og_locale":"gl_ES","og_type":"article","og_title":"Imaxes 2017 | Acampa 2017 - Pola paz e o dereito a refuxio","og_description":"Im\u00e1genes Acampa 2017","og_url":"https:\/\/coruna2017.redeacampa.org\/gl\/imaxes-2017\/","og_site_name":"Acampa 2017 - Pola paz e o dereito a refuxio","article_modified_time":"2019-01-08T00:09:54+00:00","twitter_card":"summary_large_image","twitter_misc":{"Tempo de lectura":"1 minuto"},"schema":{"@context":"https:\/\/schema.org","@graph":[{"@type":"WebPage","@id":"https:\/\/coruna2017.redeacampa.org\/gl\/imaxes-2017\/","url":"https:\/\/coruna2017.redeacampa.org\/gl\/imaxes-2017\/","name":"Imaxes 2017 | Acampa 2017 - Pola paz e o dereito a refuxio","isPartOf":{"@id":"https:\/\/coruna2017.redeacampa.org\/gl\/#website"},"datePublished":"2017-06-30T14:22:48+00:00","dateModified":"2019-01-08T00:09:54+00:00","breadcrumb":{"@id":"https:\/\/coruna2017.redeacampa.org\/gl\/imaxes-2017\/#breadcrumb"},"inLanguage":"gl-ES","potentialAction":[{"@type":"ReadAction","target":["https:\/\/coruna2017.redeacampa.org\/gl\/imaxes-2017\/"]}]},{"@type":"BreadcrumbList","@id":"https:\/\/coruna2017.redeacampa.org\/gl\/imaxes-2017\/#breadcrumb","itemListElement":[{"@type":"ListItem","position":1,"name":"Portada","item":"https:\/\/coruna2017.redeacampa.org\/gl\/"},{"@type":"ListItem","position":2,"name":"Imaxes 2017"}]},{"@type":"WebSite","@id":"https:\/\/coruna2017.redeacampa.org\/gl\/#website","url":"https:\/\/coruna2017.redeacampa.org\/gl\/","name":"Acampa 2017 - Pola paz e o dereito a refuxio","description":"Unha iniciativa cidad\u00e1 sen fins de lucro integrada por colectivos sociais, culturais, educativos, veci\u00f1ais, pol\u00edticos, sindicais, art\u00edsticos, de persoas solidarias, de instituci\u00f3ns e empresas con responsabilidade social que te\u00f1en como obxectivo a defensa dos dereitos humanos, o Dereito Internacional Humanitario e o Dereito a Refuxio.","potentialAction":[{"@type":"SearchAction","target":{"@type":"EntryPoint","urlTemplate":"https:\/\/coruna2017.redeacampa.org\/gl\/?s={search_term_string}"},"query-input":{"@type":"PropertyValueSpecification","valueRequired":true,"valueName":"search_term_string"}}],"inLanguage":"gl-ES"}]}},"_links":{"self":[{"href":"https:\/\/coruna2017.redeacampa.org\/gl\/wp-json\/wp\/v2\/pages\/36507","targetHints":{"allow":["GET"]}}],"collection":[{"href":"https:\/\/coruna2017.redeacampa.org\/gl\/wp-json\/wp\/v2\/pages"}],"about":[{"href":"https:\/\/coruna2017.redeacampa.org\/gl\/wp-json\/wp\/v2\/types\/page"}],"author":[{"embeddable":true,"href":"https:\/\/coruna2017.redeacampa.org\/gl\/wp-json\/wp\/v2\/users\/2"}],"replies":[{"embeddable":true,"href":"https:\/\/coruna2017.redeacampa.org\/gl\/wp-json\/wp\/v2\/comments?post=36507"}],"version-history":[{"count":0,"href":"https:\/\/coruna2017.redeacampa.org\/gl\/wp-json\/wp\/v2\/pages\/36507\/revisions"}],"wp:attachment":[{"href":"https:\/\/coruna2017.redeacampa.org\/gl\/wp-json\/wp\/v2\/media?parent=36507"}],"curies":[{"name":"wp","href":"https:\/\/api.w.org\/{rel}","templated":true}]}}